{"id":987,"date":"2025-06-27T13:27:45","date_gmt":"2025-06-27T11:27:45","guid":{"rendered":"https:\/\/www.sgp-digital.de\/ls\/?page_id=987"},"modified":"2025-09-29T17:16:00","modified_gmt":"2025-09-29T15:16:00","slug":"perfus-io","status":"publish","type":"page","link":"https:\/\/www.sgp-digital.de\/ls\/perfus-io\/","title":{"rendered":"<b>perfus.io<\/b> \u2013 Daten sinnvoll nutzen in der Perfusion"},"content":{"rendered":"\n<h4 class=\"wp-block-heading has-blue-color has-text-color has-link-color wp-elements-84898cf455965ecadd9241e6b731d855\">In der modernen Herz- und Thoraxchirurgie, bei ECMO-Behandlungen oder im Einsatz der Herz-Lungen-Maschine entstehen t\u00e4glich enorme Mengen klinischer Daten. Doch oft bleiben diese ungenutzt \u2013 verteilt auf isolierte Systeme oder in papierbasierten Protokollen. <\/h4>\n\n\n\n<p>Mit perfus.io schaffen wir eine digitale Plattform, die Daten in der Perfusion strukturiert erfasst, analysiert und f\u00fcr die Praxis nutzbar macht.<\/p>\n\n\n\n<p>Der Vorteil: Zusammenh\u00e4nge werden sichtbar, die direkt zur Verbesserung der Patientenversorgung beitragen. Teams gewinnen neue Einblicke, erkennen Risiken fr\u00fchzeitig und k\u00f6nnen die Behandlung auf Basis fundierter Informationen optimieren. F\u00fcr Perfusionist:innen bedeutet das Arbeiten an der Schnittstelle von Medizin und Digitalisierung \u2013 mit der Chance, Innovation aktiv mitzugestalten.<\/p>\n\n\n\n<p>Mitarbeitende erhalten einen praxisnahen Einblick, wie Datenanalysen zu konkreten Verbesserungen f\u00fchren: von der Optimierung der Prozesse im OP bis zur langfristigen Steigerung der Patientensicherheit. Gleichzeitig unterst\u00fctzt perfus.io Forschung und Qualit\u00e4tsmanagement, indem es Kennzahlen transparent macht und klinische Ergebnisse vergleichbar h\u00e4lt.<\/p>\n\n\n\n<p><strong>So wird aus Daten echte Wirkung: mehr Qualit\u00e4t, mehr Sicherheit und ein zukunftsweisender Beitrag zur Weiterentwicklung der Perfusion.<\/strong><\/p>\n","protected":false},"excerpt":{"rendered":"<p>Ut non enim eleifend felis pretium feugiat. Sed a libero. Vestibulum purus quam, scelerisque ut, mollis sed, nonummy id, metus. Vivamus consectetuer hendrerit lacus. Sed fringilla mauris sit amet nibh.<\/p>\n","protected":false},"author":1,"featured_media":984,"parent":0,"menu_order":0,"comment_status":"closed","ping_status":"closed","template":"","meta":{"_acf_changed":false,"footnotes":""},"class_list":["post-987","page","type-page","status-publish","has-post-thumbnail","hentry"],"acf":[],"_links":{"self":[{"href":"https:\/\/www.sgp-digital.de\/ls\/wp-json\/wp\/v2\/pages\/987","targetHints":{"allow":["GET"]}}],"collection":[{"href":"https:\/\/www.sgp-digital.de\/ls\/wp-json\/wp\/v2\/pages"}],"about":[{"href":"https:\/\/www.sgp-digital.de\/ls\/wp-json\/wp\/v2\/types\/page"}],"author":[{"embeddable":true,"href":"https:\/\/www.sgp-digital.de\/ls\/wp-json\/wp\/v2\/users\/1"}],"replies":[{"embeddable":true,"href":"https:\/\/www.sgp-digital.de\/ls\/wp-json\/wp\/v2\/comments?post=987"}],"version-history":[{"count":6,"href":"https:\/\/www.sgp-digital.de\/ls\/wp-json\/wp\/v2\/pages\/987\/revisions"}],"predecessor-version":[{"id":1044,"href":"https:\/\/www.sgp-digital.de\/ls\/wp-json\/wp\/v2\/pages\/987\/revisions\/1044"}],"wp:featuredmedia":[{"embeddable":true,"href":"https:\/\/www.sgp-digital.de\/ls\/wp-json\/wp\/v2\/media\/984"}],"wp:attachment":[{"href":"https:\/\/www.sgp-digital.de\/ls\/wp-json\/wp\/v2\/media?parent=987"}],"curies":[{"name":"wp","href":"https:\/\/api.w.org\/{rel}","templated":true}]}}