{"id":979,"date":"2025-06-27T13:26:43","date_gmt":"2025-06-27T11:26:43","guid":{"rendered":"https:\/\/www.sgp-digital.de\/ls\/?page_id=979"},"modified":"2025-09-29T17:21:20","modified_gmt":"2025-09-29T15:21:20","slug":"learning-hub","status":"publish","type":"page","link":"https:\/\/www.sgp-digital.de\/ls\/learning-hub\/","title":{"rendered":"<b>Learning Hub<\/b> \u2013 Simulationstraining f\u00fcr Perfusionist:innen"},"content":{"rendered":"\n<h4 class=\"wp-block-heading has-blue-color has-text-color has-link-color wp-elements-ca7865d0b00471a89d937fc4ce7d7c2e\">In der Perfusion z\u00e4hlt jede Entscheidung: Patientensicherheit und Behandlungserfolg h\u00e4ngen unmittelbar von Wissen, Erfahrung und Teamarbeit ab. <\/h4>\n\n\n\n<p>Mit dem <strong>Life Systems Learning Hub<\/strong> schaffen wir ein internes Trainingsumfeld, das unsere Perfusionist:innen bestm\u00f6glich auf den klinischen Alltag vorbereitet.<\/p>\n\n\n\n<p>Hier trainieren wir komplexe Szenarien unter realistischen Bedingungen \u2013 ohne Risiko f\u00fcr Patient:innen. Ob <strong>Herz-Lungen-Maschine<\/strong>, <strong>ECMO<\/strong> oder <strong>kritische Zwischenf\u00e4lle im OP<\/strong>: Im Learning Hub lassen sich Abl\u00e4ufe \u00fcben, verbessern und reflektieren. So entsteht Routine in au\u00dfergew\u00f6hnlichen Situationen und Sicherheit in der Anwendung modernster Verfahren.<\/p>\n\n\n\n<p>Ein zentrales Ziel ist die St\u00e4rkung der Teamarbeit und Kommunikation im OP. Durch strukturierte Simulationen und anschlie\u00dfende Reflexion lernen unsere Mitarbeitenden, im entscheidenden Moment noch effizienter zusammenzuarbeiten. Dies f\u00f6rdert nicht nur die individuelle Kompetenz, sondern auch die Qualit\u00e4t des gesamten Behandlungsteams.<\/p>\n\n\n\n<p><strong>Der Learning Hub ist damit weit mehr als ein Trainingsraum:<\/strong> Er ist ein Garant f\u00fcr kontinuierliche Weiterbildung, h\u00f6chste Standards in der Perfusion und gelebte Qualit\u00e4tssicherung. So sichern wir, dass unsere Perfusionist:innen stets auf dem aktuellen Stand der Medizin arbeiten \u2013 und unsere Patient:innen von maximaler Sicherheit profitieren.<\/p>\n","protected":false},"excerpt":{"rendered":"<p>Ut non enim eleifend felis pretium feugiat. Sed a libero. Vestibulum purus quam, scelerisque ut, mollis sed, nonummy id, metus. Vivamus consectetuer hendrerit lacus. Sed fringilla mauris sit amet nibh.<\/p>\n","protected":false},"author":1,"featured_media":980,"parent":0,"menu_order":0,"comment_status":"closed","ping_status":"closed","template":"","meta":{"_acf_changed":false,"footnotes":""},"class_list":["post-979","page","type-page","status-publish","has-post-thumbnail","hentry"],"acf":[],"_links":{"self":[{"href":"https:\/\/www.sgp-digital.de\/ls\/wp-json\/wp\/v2\/pages\/979","targetHints":{"allow":["GET"]}}],"collection":[{"href":"https:\/\/www.sgp-digital.de\/ls\/wp-json\/wp\/v2\/pages"}],"about":[{"href":"https:\/\/www.sgp-digital.de\/ls\/wp-json\/wp\/v2\/types\/page"}],"author":[{"embeddable":true,"href":"https:\/\/www.sgp-digital.de\/ls\/wp-json\/wp\/v2\/users\/1"}],"replies":[{"embeddable":true,"href":"https:\/\/www.sgp-digital.de\/ls\/wp-json\/wp\/v2\/comments?post=979"}],"version-history":[{"count":7,"href":"https:\/\/www.sgp-digital.de\/ls\/wp-json\/wp\/v2\/pages\/979\/revisions"}],"predecessor-version":[{"id":1050,"href":"https:\/\/www.sgp-digital.de\/ls\/wp-json\/wp\/v2\/pages\/979\/revisions\/1050"}],"wp:featuredmedia":[{"embeddable":true,"href":"https:\/\/www.sgp-digital.de\/ls\/wp-json\/wp\/v2\/media\/980"}],"wp:attachment":[{"href":"https:\/\/www.sgp-digital.de\/ls\/wp-json\/wp\/v2\/media?parent=979"}],"curies":[{"name":"wp","href":"https:\/\/api.w.org\/{rel}","templated":true}]}}