{"id":748,"date":"2024-02-12T12:48:46","date_gmt":"2024-02-12T11:48:46","guid":{"rendered":"https:\/\/life-systems.de\/?page_id=748"},"modified":"2024-02-15T14:34:30","modified_gmt":"2024-02-15T13:34:30","slug":"quality-and-service-initative-for-high-reliable-perfusion","status":"publish","type":"page","link":"https:\/\/www.sgp-digital.de\/ls\/quality-and-service-initative-for-high-reliable-perfusion\/","title":{"rendered":"Quality and service initative for high reliable perfusion"},"content":{"rendered":"\n<h4 class=\"wp-block-heading has-blue-color has-text-color has-link-color wp-elements-c9869b51809ffc02ce51df8cf6c018e1\">Unsere Mission: durch Innovation, Qualit\u00e4t und starke Partnerschaften die Perfusionstechnologie vorantreiben<\/h4>\n\n\n\n<hr class=\"wp-block-separator has-alpha-channel-opacity\"\/>\n\n\n\n<h4 class=\"wp-block-heading has-red-color has-text-color has-link-color wp-elements-02b4bc6dd2f999adf125fb04b1486c54\"><strong>Qualit\u00e4t, die z\u00e4hlt<\/strong><\/h4>\n\n\n<div class=\"wp-block-image\">\n<figure class=\"alignright size-full is-resized\"><img loading=\"lazy\" decoding=\"async\" width=\"600\" height=\"319\" src=\"https:\/\/life-systems.de\/wp-content\/uploads\/tp_schlaeuche.png\" alt=\"\" class=\"wp-image-751\" style=\"width:512px;height:auto\" srcset=\"https:\/\/www.sgp-digital.de\/ls\/wp-content\/uploads\/tp_schlaeuche.png 600w, https:\/\/www.sgp-digital.de\/ls\/wp-content\/uploads\/tp_schlaeuche-500x266.png 500w\" sizes=\"auto, (max-width: 600px) 100vw, 600px\" \/><\/figure><\/div>\n\n\n<p><strong>QUALIT\u00c4T UND SERVICE<\/strong><\/p>\n\n\n\n<p>Wir setzen uns fu\u0308r die kontinuierliche Verbesserung der Behandlungsqualit\u00e4t und Serviceleistungen im Perfusionsservice ein. Unser Ziel ist es, die Patientenversorgung durch fortschrittliche Technologien und optimierte Prozesse zu revolutionieren.<\/p>\n\n\n\n<p><strong>VERBESSERUNG DER BEHANDLUNGSQUALIT\u00c4T<\/strong><\/p>\n\n\n\n<p>Unser Fokus liegt auf der Steigerung der Effektivit\u00e4t und Sicherheit in der klinischen Perfusion. Durch innovative Ans\u00e4tze und enge Zusammenarbeit mit unseren Partnern streben wir danach, die Behandlungsqualit\u00e4t kontinuierlich zu erh\u00f6hen.<\/p>\n\n\n\n<p><strong>WIRTSCHAFTLICHKEITSOPTIMIERUNG<\/strong><\/p>\n\n\n\n<p>Wir erkennen die Bedeutung von Effizienz in der Gesundheitsversorgung. Unsere Initiativen zielen darauf ab, die Kosten zu senken und gleichzeitig die Behandlungsqualit\u00e4t zu steigern, um sowohl den Patienten als auch den Krankenh\u00e4usern den gr\u00f6\u00dftm\u00f6glichen Nutzen zu bieten.<\/p>\n\n\n\n<hr class=\"wp-block-separator has-alpha-channel-opacity\"\/>\n\n\n\n<h4 class=\"wp-block-heading has-red-color has-text-color has-link-color wp-elements-4b9efa01c754cc13b82861dedf9eb3ba\"><strong>Gemeinsam f\u00fcr Perfektion<\/strong><\/h4>\n\n\n\n<p><strong>ALL FOR PERFUSION<\/strong><\/p>\n\n\n\n<p>Mit dem Anspruch, Perfusions- und ECMODienstleistungen f\u00fcr unsere Kunden ganzheitlich zu definieren, bietet \u201eALL FOR PERFUSION\u201c den wichtigen Baustein der technischen Dienstleistungen. Mit den Angeboten der Wartung, Vermietung, der Lagerwirtschaft, der Logistik und einer 24\/7-Hotline schaffen wir die praktische Grundlage einer sicheren Patientenversorgung in Kliniken.<\/p>\n\n\n\n<p>ALL FOR PERFUSION ist Vertriebspartner von i-SEP. Mit seiner L\u00f6sung Same\u2122 ist das Unternehmen ein Vorbild f\u00fcr die Optimierung der Patientenversorgung und Wirtschaftlichkeit.<\/p>\n\n\n\n<p><strong>ORRUM CLINICAL ANALYTICS<\/strong><\/p>\n\n\n\n<p>Unter dem Leitgedanken \u201eRevolutionizing Patient Care with the Power of Data\u201c steht ORRUM an der Spitze der datengesteuerten Verbesserung der Patientenbehandlung. Unsere Zusammenarbeit mit unseren starken Industriepartnern Liva Nova und Getinge und deren innovativen Systemen, Essenz und Talis, hebt die Bedeutung von Datenanalyse und evidenzbasierter Medizin hervor.<\/p>\n\n\n\n<hr class=\"wp-block-separator has-alpha-channel-opacity\"\/>\n\n\n\n<h4 class=\"wp-block-heading has-red-color has-text-color has-link-color wp-elements-4cfb891da42e9ac2ed78bfcddf46146f\"><strong>Unsere Partner<\/strong><\/h4>\n\n\n\n<figure class=\"wp-block-image size-full\"><img loading=\"lazy\" decoding=\"async\" width=\"1000\" height=\"101\" src=\"https:\/\/life-systems.de\/wp-content\/uploads\/tp_partner.png\" alt=\"\" class=\"wp-image-749\" srcset=\"https:\/\/www.sgp-digital.de\/ls\/wp-content\/uploads\/tp_partner.png 1000w, https:\/\/www.sgp-digital.de\/ls\/wp-content\/uploads\/tp_partner-500x51.png 500w, https:\/\/www.sgp-digital.de\/ls\/wp-content\/uploads\/tp_partner-768x78.png 768w\" sizes=\"auto, (max-width: 1000px) 100vw, 1000px\" \/><\/figure>\n","protected":false},"excerpt":{"rendered":"<p>Unsere Mission: durch Innovation, Qualit\u00e4t und starke Partnerschaften die Perfusionstechnologie vorantreiben Qualit\u00e4t, die z\u00e4hlt QUALIT\u00c4T UND SERVICE &#8230;<\/p>\n","protected":false},"author":1,"featured_media":753,"parent":0,"menu_order":0,"comment_status":"closed","ping_status":"closed","template":"","meta":{"_acf_changed":false,"footnotes":""},"class_list":["post-748","page","type-page","status-publish","has-post-thumbnail","hentry"],"acf":[],"_links":{"self":[{"href":"https:\/\/www.sgp-digital.de\/ls\/wp-json\/wp\/v2\/pages\/748","targetHints":{"allow":["GET"]}}],"collection":[{"href":"https:\/\/www.sgp-digital.de\/ls\/wp-json\/wp\/v2\/pages"}],"about":[{"href":"https:\/\/www.sgp-digital.de\/ls\/wp-json\/wp\/v2\/types\/page"}],"author":[{"embeddable":true,"href":"https:\/\/www.sgp-digital.de\/ls\/wp-json\/wp\/v2\/users\/1"}],"replies":[{"embeddable":true,"href":"https:\/\/www.sgp-digital.de\/ls\/wp-json\/wp\/v2\/comments?post=748"}],"version-history":[{"count":6,"href":"https:\/\/www.sgp-digital.de\/ls\/wp-json\/wp\/v2\/pages\/748\/revisions"}],"predecessor-version":[{"id":767,"href":"https:\/\/www.sgp-digital.de\/ls\/wp-json\/wp\/v2\/pages\/748\/revisions\/767"}],"wp:featuredmedia":[{"embeddable":true,"href":"https:\/\/www.sgp-digital.de\/ls\/wp-json\/wp\/v2\/media\/753"}],"wp:attachment":[{"href":"https:\/\/www.sgp-digital.de\/ls\/wp-json\/wp\/v2\/media?parent=748"}],"curies":[{"name":"wp","href":"https:\/\/api.w.org\/{rel}","templated":true}]}}