{"id":710,"date":"2024-01-23T11:53:22","date_gmt":"2024-01-23T10:53:22","guid":{"rendered":"https:\/\/life-systems.de\/?page_id=710"},"modified":"2024-02-12T12:50:30","modified_gmt":"2024-02-12T11:50:30","slug":"comprehensive-care-services-ccs","status":"publish","type":"page","link":"https:\/\/www.sgp-digital.de\/ls\/comprehensive-care-services-ccs\/","title":{"rendered":"<b>Comprehensive Care Services<\/b> (CCS)"},"content":{"rendered":"\n<h4 class=\"wp-block-heading has-blue-color has-text-color has-link-color wp-elements-fc60aba80ed8f68886da6042bb6f1009\">Zusammen mit CCS bietet Life Systems hochzuverl\u00e4ssige, st\u00e4ndig optimierte Dienstleistungen<\/h4>\n\n\n\n<p>Seit 2002 ist Comprehensive Care Services (CCS) ein anerkannter Marktf\u00fchrer in der Medizinbranche, der herausragende Perfusions- und Autotransfusionsdienste, extrakorporale Lebenserhaltung (ECLS) und Biologika f\u00fcr medizinische Zentren in ganz USA und jetzt auch in Europa anbietet. Das Unternehmen wurde von Perfusionisten mit insgesamt mehr als 80 Jahren Berufs-Erfahrung gegr\u00fcndet und wird nach wie vor von Fachleuten aus der Praxis gef\u00fchrt. Wir haben ein tiefes Verst\u00e4ndnis f\u00fcr die Bed\u00fcrfnisse der Krankenh\u00e4user, Chirurgen und Patienten, die auf unsere Dienstleistungen angewiesen sind.<\/p>\n\n\n\n<h5 class=\"wp-block-heading\">F\u00fcnf S\u00e4ulen, die CCS auszeichnen und von denen auch Kunden von Life Systems profitieren.<\/h5>\n\n\n\n<ul class=\"wp-block-list\">\n<li>Bestens ausgebildetes und erfahrenes Personal<\/li>\n\n\n\n<li>Spitzenforschung und Innovation<\/li>\n\n\n\n<li>Vertrauensw\u00fcrdige, messbare, kontinuierliche Einhaltung von Standards<\/li>\n\n\n\n<li>Professionelle Datenerfassung, -verwaltung und\u00a0-analyse<\/li>\n\n\n\n<li>Kontinuierliche Prozessverbesserung<\/li>\n<\/ul>\n\n\n\n<figure class=\"wp-block-image size-full is-resized\"><img loading=\"lazy\" decoding=\"async\" width=\"562\" height=\"109\" src=\"https:\/\/life-systems.de\/wp-content\/uploads\/seal-gold-with-blue-text.png\" alt=\"\" class=\"wp-image-717\" style=\"width:465px;height:auto\" srcset=\"https:\/\/www.sgp-digital.de\/ls\/wp-content\/uploads\/seal-gold-with-blue-text.png 562w, https:\/\/www.sgp-digital.de\/ls\/wp-content\/uploads\/seal-gold-with-blue-text-500x97.png 500w\" sizes=\"auto, (max-width: 562px) 100vw, 562px\" \/><\/figure>\n","protected":false},"excerpt":{"rendered":"<p>Zusammen mit CCS bietet Life Systems hochzuverl\u00e4ssige, st\u00e4ndig optimierte Dienstleistungen Seit 2002 ist Comprehensive Care Services (CCS) &#8230;<\/p>\n","protected":false},"author":2,"featured_media":719,"parent":0,"menu_order":0,"comment_status":"closed","ping_status":"closed","template":"","meta":{"_acf_changed":false,"footnotes":""},"class_list":["post-710","page","type-page","status-publish","has-post-thumbnail","hentry"],"acf":[],"_links":{"self":[{"href":"https:\/\/www.sgp-digital.de\/ls\/wp-json\/wp\/v2\/pages\/710","targetHints":{"allow":["GET"]}}],"collection":[{"href":"https:\/\/www.sgp-digital.de\/ls\/wp-json\/wp\/v2\/pages"}],"about":[{"href":"https:\/\/www.sgp-digital.de\/ls\/wp-json\/wp\/v2\/types\/page"}],"author":[{"embeddable":true,"href":"https:\/\/www.sgp-digital.de\/ls\/wp-json\/wp\/v2\/users\/2"}],"replies":[{"embeddable":true,"href":"https:\/\/www.sgp-digital.de\/ls\/wp-json\/wp\/v2\/comments?post=710"}],"version-history":[{"count":10,"href":"https:\/\/www.sgp-digital.de\/ls\/wp-json\/wp\/v2\/pages\/710\/revisions"}],"predecessor-version":[{"id":757,"href":"https:\/\/www.sgp-digital.de\/ls\/wp-json\/wp\/v2\/pages\/710\/revisions\/757"}],"wp:featuredmedia":[{"embeddable":true,"href":"https:\/\/www.sgp-digital.de\/ls\/wp-json\/wp\/v2\/media\/719"}],"wp:attachment":[{"href":"https:\/\/www.sgp-digital.de\/ls\/wp-json\/wp\/v2\/media?parent=710"}],"curies":[{"name":"wp","href":"https:\/\/api.w.org\/{rel}","templated":true}]}}