{"id":611,"date":"2023-12-06T16:50:07","date_gmt":"2023-12-06T15:50:07","guid":{"rendered":"https:\/\/www.sgp-digital.de\/ls\/?page_id=611"},"modified":"2023-12-06T16:55:06","modified_gmt":"2023-12-06T15:55:06","slug":"hinweisgeberschutzsystem","status":"publish","type":"page","link":"https:\/\/www.sgp-digital.de\/ls\/hinweisgeberschutzsystem\/","title":{"rendered":"Hinweisgeberschutzsystem"},"content":{"rendered":"\n<h4 class=\"wp-block-heading has-blue-color has-text-color has-link-color wp-elements-c0621a370750d7f98d6786d847124fa6\">\u201eUnser Hinweisgebersystem &#8211; Vertraulichkeit und der Schutz der Hinweisgebenden stehen an erster Stelle<\/h4>\n\n\n\n<p><strong>Vertraulicher Meldeweg<\/strong><\/p>\n\n\n\n<p>Jede Form von Beschwerde, bei der es sich um einen bewiesenen oder vermuteten Versto\u00df gegen gesetzliche Vorgaben im Zusammenhang mit dem Besch\u00e4ftigungsverh\u00e4ltnis mit uns oder dem beruflichen Umfeld handelt, kann jederzeit \u00fcber den von uns eingerichteten vertraulichen Meldeweg erfolgen.&nbsp;<\/p>\n\n\n\n<p><strong>Unabh\u00e4ngige Ombudsstelle<\/strong><\/p>\n\n\n\n<p>Wir haben dazu in \u00dcbereinstimmung mit den Anforderungen des Hinweisgeberschutzgesetzes (HinSchG) eine von uns unabh\u00e4ngige und vertrauensw\u00fcrdige Meldestelle eingerichtet (die Ombudsstelle HEC Harald Eul Consulting GmbH, im folgenden Ombudsstelle). Dem Hinweisgeber entstehen keine Kosten.<\/p>\n\n\n\n<p><strong>Gesch\u00fctzte Kommunikation \u00fcber Meldeportal<\/strong><\/p>\n\n\n\n<p>Der Hinweisgeber erstellt im Rahmen des Meldeprozesses ein Passwort und bekommt eine Fall-Kennung zugewiesen. Nach der Eingabe des Hinweises\/der Meldung kann der Hinweisgeber sich mit Kennung und Passwort in das Meldeportal einloggen und die Best\u00e4tigung des Eingangs der Meldung oder andere Informationen vertraulich abrufen.<\/p>\n\n\n\n<p><strong>Ablauf<\/strong><\/p>\n\n\n\n<p>Innerhalb von 7 Tagen erfolgt in diesem Meldeportal die Eingangsbest\u00e4tigung der Meldung. Nach sp\u00e4testens drei Monaten erfolgt eine R\u00fcckmeldung an die Hinweisgebenden, wie mit der Information umgegangen wurde und welche Folgema\u00dfnahmen ergriffen wurden bzw. werden.&nbsp;<\/p>\n\n\n\n<p>Die Ombudsstelle geht jedem Versto\u00df gegen die durch das HinSchG umfassten gesetzlichen Regelungen nach. Die Ombudsstelle pr\u00fcft die Hinweise auf Plausibilit\u00e4t und leitet sie bei hinreichendem Verdacht an uns zur Pr\u00fcfung weiter. Dabei wird die Identit\u00e4t des Hinweisgebers nicht bekannt gegeben, es sei denn der Hinweisgeber hat zur Offenlegung seiner Identit\u00e4t seine ausdr\u00fcckliche Zustimmung erkl\u00e4rt oder soweit dies im Gesetz vorgesehen ist. Wir haben keinen Anspruch gegen die Ombudsstelle auf Herausgabe von Dokumenten, die der Hinweisgeber zur Verf\u00fcgung stellt.<\/p>\n\n\n\n<p>Vertraulichkeit und der Schutz der Hinweisgebenden stehen hierbei an erster Stelle. Die Einzelheiten dazu sind im HinSchG geregelt. Damit die Ombudsstelle Sie zu R\u00fcckfragen erreichen kann, ist es erforderlich, dass Sie Ihren Namen und Ihre E-Mail-Adresse angeben.&nbsp;<\/p>\n\n\n\n<p>Es besteht auch die M\u00f6glichkeit, Hinweise an externe Meldestellen des Bundes und der L\u00e4nder oder an f\u00fcr bestimmte Branchen speziell eingerichtete externe Meldestellen zu richten. Beispielsweise an das <a href=\"https:\/\/www.bundesjustizamt.de\/DE\/MeldestelledesBundes\/MeldestelledesBundes_node.html\" target=\"_blank\" rel=\"noreferrer noopener\">Bundesamt f\u00fcr Justiz<\/a>. Wenn Sie Grund f\u00fcr Hinweise haben, m\u00f6chten wir Sie jedoch ermutigen, Ihre Hinweise an unsere eigene Meldestelle, n\u00e4mlich die vorgenannte Ombudsstelle zu richten. Wir gehen den Meldungen mit der gebotenen Sorgfalt und unter Wahrung der Vertraulichkeit z\u00fcgig nach.<\/p>\n\n\n\n<hr class=\"wp-block-separator has-alpha-channel-opacity\"\/>\n\n\n\n<p><strong>Das Portal f\u00fcr Ihre Hinweise an die Ombudsstelle finden Sie hier<\/strong><\/p>\n\n\n\n<div class=\"wp-block-buttons is-layout-flex wp-block-buttons-is-layout-flex\">\n<div class=\"wp-block-button\"><a class=\"wp-block-button__link wp-element-button\" href=\"https:\/\/hec-lifesystems.hinweisgeberschutzsystem.de\/\" target=\"_blank\" rel=\"noreferrer noopener\">Zu unserem Hinweisgeberschutzsystem<\/a><\/div>\n<\/div>\n","protected":false},"excerpt":{"rendered":"<p>\u201eUnser Hinweisgebersystem &#8211; Vertraulichkeit und der Schutz der Hinweisgebenden stehen an erster Stelle Vertraulicher Meldeweg Jede Form &#8230;<\/p>\n","protected":false},"author":1,"featured_media":0,"parent":0,"menu_order":0,"comment_status":"closed","ping_status":"closed","template":"page-law.php","meta":{"_acf_changed":false,"footnotes":""},"class_list":["post-611","page","type-page","status-publish","hentry"],"acf":[],"_links":{"self":[{"href":"https:\/\/www.sgp-digital.de\/ls\/wp-json\/wp\/v2\/pages\/611","targetHints":{"allow":["GET"]}}],"collection":[{"href":"https:\/\/www.sgp-digital.de\/ls\/wp-json\/wp\/v2\/pages"}],"about":[{"href":"https:\/\/www.sgp-digital.de\/ls\/wp-json\/wp\/v2\/types\/page"}],"author":[{"embeddable":true,"href":"https:\/\/www.sgp-digital.de\/ls\/wp-json\/wp\/v2\/users\/1"}],"replies":[{"embeddable":true,"href":"https:\/\/www.sgp-digital.de\/ls\/wp-json\/wp\/v2\/comments?post=611"}],"version-history":[{"count":4,"href":"https:\/\/www.sgp-digital.de\/ls\/wp-json\/wp\/v2\/pages\/611\/revisions"}],"predecessor-version":[{"id":617,"href":"https:\/\/www.sgp-digital.de\/ls\/wp-json\/wp\/v2\/pages\/611\/revisions\/617"}],"wp:attachment":[{"href":"https:\/\/www.sgp-digital.de\/ls\/wp-json\/wp\/v2\/media?parent=611"}],"curies":[{"name":"wp","href":"https:\/\/api.w.org\/{rel}","templated":true}]}}