{"id":43,"date":"2023-08-29T11:42:57","date_gmt":"2023-08-29T09:42:57","guid":{"rendered":"https:\/\/neu.life-systems.de\/?page_id=43"},"modified":"2024-02-13T08:53:33","modified_gmt":"2024-02-13T07:53:33","slug":"ueber-uns","status":"publish","type":"page","link":"https:\/\/www.sgp-digital.de\/ls\/ueber-uns\/","title":{"rendered":"Unsere <b>Leistungen<\/b> und <b>L\u00f6sungen<\/b> \u00fcberzeugen unsere Partner seit 1995"},"content":{"rendered":"\n<h4 class=\"wp-block-heading has-blue-color has-text-color\"><strong>Life Systems<\/strong> bietet Ihnen <strong>individuelle Services und L\u00f6sungen<\/strong> sowie eine <strong>breite Produktpalette<\/strong> an Dienstleistungen in der klinischen Perfusion.<\/h4>\n\n\n\n<hr class=\"wp-block-separator has-alpha-channel-opacity\"\/>\n\n\n\n<p>Vom ganzheitlichen Personalmanagement \u00fcber eine herstellerunabh\u00e4ngige Beratung bis hin zum Einkauf aller ben\u00f6tigten Ger\u00e4te und Verbrauchsg\u00fcter \u2013 Unsere passgenau entwickelten Services und L\u00f6sungen \u00fcberzeugen unsere Partner seit der Gr\u00fcndung von Life Systems im Jahre 1995.<\/p>\n\n\n\n<p>Sowohl in Bezug auf die Anzahl der betreuten Kliniken, die j\u00e4hrlich durchgef\u00fchrten Prozeduren und die Anzahl der besch\u00e4ftigten Perfusionisten\/Innen ist Life Systems Marktf\u00fchrer in Deutschland.<br>Der Erfolg unseres Konzeptes und das uns entgegengebrachte Vertrauen ist f\u00fcr uns Best\u00e4tigung sowie Motivation zugleich, die Qualit\u00e4t unserer Dienstleistungen und die F\u00f6rderung unserer Mitarbeiter st\u00e4ndig weiterzuentwickeln. F\u00fcr unsere Kunden und Mitarbeiter erste Wahl zu bleiben, m\u00fcssen wir uns Tag f\u00fcr Tag neu verdienen.<\/p>\n\n\n\n<h4 class=\"wp-block-heading has-red-color has-text-color has-link-color wp-elements-b01ea8c78455513ecd659c633bcc1d8d\">Life Systems  &amp; Comprehensive Care Service<\/h4>\n\n\n\n<p>Seit 2024 bildet Life Systems zusammen mit dem US-amerikanischen Marktf\u00fchrer Comprehensive Care Services (CCS) ein marktf\u00fchrendes Qualit\u00e4tsnetzwerk f\u00fcr klinische Perfusionsdienstleistungen. Durch das umfassende Expertenwissen und die aussergew\u00f6hnlichen F\u00e4higkeiten entsteht so ein weltweit bisher einzigartiges Angebot zum Wohle von Patientinnen und Patienten.<\/p>\n\n\n\n<p>Zusammen mit CCS profitieren wir von den Erfahrungswerten von u\u0308ber 850 Perfusionistinnen<br>und Perfusionisten, umfassenden Trainingsprogrammen und dem Bestreben, Versorgungsqualit\u00e4t st\u00e4ndig zu verbessern. Diese Expertise bringt Life Systems zusammen mit unseren Netzwerkpartnern<br>nach Europa.<\/p>\n\n\n\n<h4 class=\"wp-block-heading has-magenta-color has-text-color has-link-color wp-elements-4b1880bdbeb359b6fccce06476e19c83\">Comprehensive Care Service \u2013 Marktf\u00fchrer in den USA<\/h4>\n\n\n\n<p>CCS wird in den USA von hochqualifizierten und praktizierenden Perfusionistinnen und Perfusionisten gefu\u0308hrt.<\/p>\n\n\n\n<ul class=\"wp-block-list\">\n<li>Unu\u0308bertroffene Qualit\u00e4t, hervorragende Versorgung und klinische Exzellenz<\/li>\n\n\n\n<li>Zertifiziert von der Joint Commission<\/li>\n\n\n\n<li>Zertifiziert vom WBENC (Women\u2019s Business Enterprise National Council)<\/li>\n\n\n\n<li>350 Krankenh\u00e4user, davon 184 Herzzentren, in 24 Bundesstaaten<\/li>\n\n\n\n<li>J\u00e4hrlich nahezu 57.000 herzchirurgische Eingriffe<\/li>\n\n\n\n<li>Fast 250.000 Stunden ECMOPatientenu\u0308berwachung j\u00e4hrlich<\/li>\n\n\n\n<li>Nahezu 28.000 unabh\u00e4ngige Autotransfusionen<\/li>\n\n\n\n<li>\u00dcber 750 klinische Mitarbeiterinnen und Mitarbeiter<\/li>\n\n\n\n<li>Ausbildungspartner im Bereich Perfusion<\/li>\n<\/ul>\n","protected":false},"excerpt":{"rendered":"<p>Life Systems bietet Ihnen individuelle Services und L\u00f6sungen sowie eine breite Produktpalette an Dienstleistungen in der klinischen &#8230;<\/p>\n","protected":false},"author":1,"featured_media":383,"parent":0,"menu_order":0,"comment_status":"closed","ping_status":"closed","template":"","meta":{"_acf_changed":false,"footnotes":""},"class_list":["post-43","page","type-page","status-publish","has-post-thumbnail","hentry"],"acf":[],"_links":{"self":[{"href":"https:\/\/www.sgp-digital.de\/ls\/wp-json\/wp\/v2\/pages\/43","targetHints":{"allow":["GET"]}}],"collection":[{"href":"https:\/\/www.sgp-digital.de\/ls\/wp-json\/wp\/v2\/pages"}],"about":[{"href":"https:\/\/www.sgp-digital.de\/ls\/wp-json\/wp\/v2\/types\/page"}],"author":[{"embeddable":true,"href":"https:\/\/www.sgp-digital.de\/ls\/wp-json\/wp\/v2\/users\/1"}],"replies":[{"embeddable":true,"href":"https:\/\/www.sgp-digital.de\/ls\/wp-json\/wp\/v2\/comments?post=43"}],"version-history":[{"count":19,"href":"https:\/\/www.sgp-digital.de\/ls\/wp-json\/wp\/v2\/pages\/43\/revisions"}],"predecessor-version":[{"id":773,"href":"https:\/\/www.sgp-digital.de\/ls\/wp-json\/wp\/v2\/pages\/43\/revisions\/773"}],"wp:featuredmedia":[{"embeddable":true,"href":"https:\/\/www.sgp-digital.de\/ls\/wp-json\/wp\/v2\/media\/383"}],"wp:attachment":[{"href":"https:\/\/www.sgp-digital.de\/ls\/wp-json\/wp\/v2\/media?parent=43"}],"curies":[{"name":"wp","href":"https:\/\/api.w.org\/{rel}","templated":true}]}}