{"id":411,"date":"2023-10-31T15:01:31","date_gmt":"2023-10-31T14:01:31","guid":{"rendered":"https:\/\/neu.life-systems.de\/?page_id=411"},"modified":"2024-02-08T14:30:12","modified_gmt":"2024-02-08T13:30:12","slug":"impressum","status":"publish","type":"page","link":"https:\/\/www.sgp-digital.de\/ls\/impressum\/","title":{"rendered":"Impressum"},"content":{"rendered":"\n<p><strong>Life Systems Medizintechnik-Service GmbH<br><\/strong>Konrad-Zuse-Ring 14a<br>D \u2013 41179 M\u00f6nchengladbach<\/p>\n\n\n\n<p>Tel.: +49 2161 46660 0<br><a href=\"mailto:info@life-systems.de\">info(at)life-systems.de<\/a><br>www.life-systems.de<\/p>\n\n\n\n<hr class=\"wp-block-separator has-alpha-channel-opacity\"\/>\n\n\n\n<p>Sitz der Gesellschaft: 41179 M\u00f6nchengladbach<br>Amtsgericht M\u00f6nchengladbach HRB 13631<\/p>\n\n\n\n<p>USt.Id.-Nr.: DE 172864012<br>St.-Nr.:12157434766<br>Gesch\u00e4ftsf\u00fchrung:<br>Holger Heemels, Christoph Schr\u00f6der<\/p>\n\n\n\n<hr class=\"wp-block-separator has-alpha-channel-opacity\"\/>\n\n\n\n<p><strong>Gestaltung und Programmierung:<br><\/strong>SGP GmbH<br>Agentur f\u00fcr Kommunikation und Design<br>Hindenburgstr. 37<br>42853 Remscheid<br>Tel.: 02191 9811 0<br><a href=\"mailto:info@sgp.de\">info(at)sgp.de<\/a><br><a href=\"http:\/\/https\/\/www.sgp.de\" target=\"_blank\" rel=\"noreferrer noopener\">www.sgp.de<\/a><\/p>\n","protected":false},"excerpt":{"rendered":"<p>Life Systems Medizintechnik-Service GmbHKonrad-Zuse-Ring 14aD \u2013 41179 M\u00f6nchengladbach Tel.: +49 2161 46660 0info(at)life-systems.dewww.life-systems.de Sitz der Gesellschaft: 41179 &#8230;<\/p>\n","protected":false},"author":1,"featured_media":0,"parent":0,"menu_order":0,"comment_status":"closed","ping_status":"closed","template":"page-law.php","meta":{"_acf_changed":false,"footnotes":""},"class_list":["post-411","page","type-page","status-publish","hentry"],"acf":[],"_links":{"self":[{"href":"https:\/\/www.sgp-digital.de\/ls\/wp-json\/wp\/v2\/pages\/411","targetHints":{"allow":["GET"]}}],"collection":[{"href":"https:\/\/www.sgp-digital.de\/ls\/wp-json\/wp\/v2\/pages"}],"about":[{"href":"https:\/\/www.sgp-digital.de\/ls\/wp-json\/wp\/v2\/types\/page"}],"author":[{"embeddable":true,"href":"https:\/\/www.sgp-digital.de\/ls\/wp-json\/wp\/v2\/users\/1"}],"replies":[{"embeddable":true,"href":"https:\/\/www.sgp-digital.de\/ls\/wp-json\/wp\/v2\/comments?post=411"}],"version-history":[{"count":7,"href":"https:\/\/www.sgp-digital.de\/ls\/wp-json\/wp\/v2\/pages\/411\/revisions"}],"predecessor-version":[{"id":747,"href":"https:\/\/www.sgp-digital.de\/ls\/wp-json\/wp\/v2\/pages\/411\/revisions\/747"}],"wp:attachment":[{"href":"https:\/\/www.sgp-digital.de\/ls\/wp-json\/wp\/v2\/media?parent=411"}],"curies":[{"name":"wp","href":"https:\/\/api.w.org\/{rel}","templated":true}]}}