{"id":298,"date":"2023-10-24T15:21:30","date_gmt":"2023-10-24T13:21:30","guid":{"rendered":"https:\/\/neu.life-systems.de\/?page_id=298"},"modified":"2023-12-01T12:32:11","modified_gmt":"2023-12-01T11:32:11","slug":"dienstleistungen","status":"publish","type":"page","link":"https:\/\/www.sgp-digital.de\/ls\/dienstleistungen\/","title":{"rendered":"Das Angebot an <b>Dienstleistungen<\/b> w\u00e4chst stetig"},"content":{"rendered":"\n<h4 class=\"wp-block-heading has-blue-color has-text-color\">Der klassische Perfusionsservice stellt seit der Gr\u00fcndung von Life Systems das Kerngesch\u00e4ft dar.<\/h4>\n\n\n\n<p><strong>Durch unsere langj\u00e4hrige Erfahrung in der Herzchirurgie sowie dank des Engagements unserer Mitarbeiter k\u00f6nnen wir unser Leistungsangebot stetig vergr\u00f6\u00dfern.<\/strong><\/p>\n\n\n\n<figure class=\"wp-block-image size-large\"><img loading=\"lazy\" decoding=\"async\" width=\"1200\" height=\"825\" src=\"https:\/\/life-systems.de\/wp-content\/uploads\/grafik_dienstleistungen-1200x825.png\" alt=\"Grafik Dienstleistungen\" class=\"wp-image-392\" srcset=\"https:\/\/www.sgp-digital.de\/ls\/wp-content\/uploads\/grafik_dienstleistungen-1200x825.png 1200w, https:\/\/www.sgp-digital.de\/ls\/wp-content\/uploads\/grafik_dienstleistungen-500x344.png 500w, https:\/\/www.sgp-digital.de\/ls\/wp-content\/uploads\/grafik_dienstleistungen-768x528.png 768w, https:\/\/www.sgp-digital.de\/ls\/wp-content\/uploads\/grafik_dienstleistungen-1536x1056.png 1536w, https:\/\/www.sgp-digital.de\/ls\/wp-content\/uploads\/grafik_dienstleistungen.png 1600w\" sizes=\"auto, (max-width: 1200px) 100vw, 1200px\" \/><\/figure>\n\n\n\n<div class=\"wp-block-esab-accordion accordion-12c44f23\" data-mode=\"global\"><div class=\"esab__container\" style=\"row-gap:5px;margin:0px 0px 0px 0px\">\n<div class=\"wp-block-esab-accordion-child\" style=\"border:1px solid #E0E0E0\"><div class=\"esab__head\" style=\"padding:10px 10px 10px 15px;background-color:#ffffff\" role=\"button\" aria-expanded=\"false\"><div class=\"esab__heading_txt\"><h5 class=\"esab__heading_tag\" style=\"color:#e63312\">Kardiotechnische Vollversorgung<\/h5><\/div><div class=\"esab__icon\"><div class=\"esab__collapse\"><svg version=\"1.2\" viewBox=\"0 0 24 24\" width=\"24\" height=\"24\"><path d=\"m11.3 3.6h1.4q0.2 0 0.2 0.1v16.6q0 0.1-0.2 0.1h-1.4q-0.2 0-0.2-0.2v-16.5q0-0.1 0.2-0.1z\"><\/path><path d=\"m4.1 11.1h15.8q0.2 0 0.2 0.2v1.4q0 0.2-0.2 0.2h-15.8q-0.2 0-0.2-0.2v-1.4q0-0.2 0.2-0.2z\"><\/path><\/svg><\/div><div class=\"esab__expand\"><svg version=\"1.2\" viewBox=\"0 0 24 24\" width=\"24\" height=\"24\"><path d=\"m3.4 11.1h17.2v1.8h-17.2z\"><\/path><\/svg><\/div><\/div><\/div><div class=\"esab__body\" style=\"border-top:none;padding:15px;background-color:#ffffff\">\n<p>Ger\u00e4temanagement, Personalgestellung und herstellerunabh\u00e4ngige Beratung \u2013 individuell auf Ihre Bedu\u0308rfnisse zugeschnitten und transparent kalkuliert.<\/p>\n<\/div><\/div>\n\n\n\n<div class=\"wp-block-esab-accordion-child\" style=\"border:1px solid #E0E0E0\"><div class=\"esab__head\" style=\"padding:10px 10px 10px 15px;background-color:#ffffff\" role=\"button\" aria-expanded=\"false\"><div class=\"esab__heading_txt\"><h5 class=\"esab__heading_tag\" style=\"color:#e63312\">ECMO-Support<\/h5><\/div><div class=\"esab__icon\"><div class=\"esab__collapse\"><svg version=\"1.2\" viewBox=\"0 0 24 24\" width=\"24\" height=\"24\"><path d=\"m11.3 3.6h1.4q0.2 0 0.2 0.1v16.6q0 0.1-0.2 0.1h-1.4q-0.2 0-0.2-0.2v-16.5q0-0.1 0.2-0.1z\"><\/path><path d=\"m4.1 11.1h15.8q0.2 0 0.2 0.2v1.4q0 0.2-0.2 0.2h-15.8q-0.2 0-0.2-0.2v-1.4q0-0.2 0.2-0.2z\"><\/path><\/svg><\/div><div class=\"esab__expand\"><svg version=\"1.2\" viewBox=\"0 0 24 24\" width=\"24\" height=\"24\"><path d=\"m3.4 11.1h17.2v1.8h-17.2z\"><\/path><\/svg><\/div><\/div><\/div><div class=\"esab__body\" style=\"border-top:none;padding:15px;background-color:#ffffff\">\n<p>Wir helfen Ihnen wahlweise beim Aufbau eines eigenen ECMO-Programms oder stellen Ihnen auf ECMO spezialisierte Kardiotechniker.<\/p>\n<\/div><\/div>\n\n\n\n<div class=\"wp-block-esab-accordion-child\" style=\"border:1px solid #E0E0E0\"><div class=\"esab__head\" style=\"padding:10px 10px 10px 15px;background-color:#ffffff\" role=\"button\" aria-expanded=\"false\"><div class=\"esab__heading_txt\"><h5 class=\"esab__heading_tag\" style=\"color:#e63312\">Onkologische Perfusion<\/h5><\/div><div class=\"esab__icon\"><div class=\"esab__collapse\"><svg version=\"1.2\" viewBox=\"0 0 24 24\" width=\"24\" height=\"24\"><path d=\"m11.3 3.6h1.4q0.2 0 0.2 0.1v16.6q0 0.1-0.2 0.1h-1.4q-0.2 0-0.2-0.2v-16.5q0-0.1 0.2-0.1z\"><\/path><path d=\"m4.1 11.1h15.8q0.2 0 0.2 0.2v1.4q0 0.2-0.2 0.2h-15.8q-0.2 0-0.2-0.2v-1.4q0-0.2 0.2-0.2z\"><\/path><\/svg><\/div><div class=\"esab__expand\"><svg version=\"1.2\" viewBox=\"0 0 24 24\" width=\"24\" height=\"24\"><path d=\"m3.4 11.1h17.2v1.8h-17.2z\"><\/path><\/svg><\/div><\/div><\/div><div class=\"esab__body\" style=\"border-top:none;padding:15px;background-color:#ffffff\">\n<p>Die Expertise und jahrelange Erfahrung unserer Kardiotechniker garantieren Ihnen und Ihren Patienten eine sichere Durchfu\u0308hrung der onkologischen Perfusion.<\/p>\n<\/div><\/div>\n\n\n\n<div class=\"wp-block-esab-accordion-child\" style=\"border:1px solid #E0E0E0\"><div class=\"esab__head\" style=\"padding:10px 10px 10px 15px;background-color:#ffffff\" role=\"button\" aria-expanded=\"false\"><div class=\"esab__heading_txt\"><h5 class=\"esab__heading_tag\" style=\"color:#e63312\">Elektrophysiologie<\/h5><\/div><div class=\"esab__icon\"><div class=\"esab__collapse\"><svg version=\"1.2\" viewBox=\"0 0 24 24\" width=\"24\" height=\"24\"><path d=\"m11.3 3.6h1.4q0.2 0 0.2 0.1v16.6q0 0.1-0.2 0.1h-1.4q-0.2 0-0.2-0.2v-16.5q0-0.1 0.2-0.1z\"><\/path><path d=\"m4.1 11.1h15.8q0.2 0 0.2 0.2v1.4q0 0.2-0.2 0.2h-15.8q-0.2 0-0.2-0.2v-1.4q0-0.2 0.2-0.2z\"><\/path><\/svg><\/div><div class=\"esab__expand\"><svg version=\"1.2\" viewBox=\"0 0 24 24\" width=\"24\" height=\"24\"><path d=\"m3.4 11.1h17.2v1.8h-17.2z\"><\/path><\/svg><\/div><\/div><\/div><div class=\"esab__body\" style=\"border-top:none;padding:15px;background-color:#ffffff\">\n<p>Unterstu\u0308tzung Ihres Teams sowie Ihrer Patienten vor, w\u00e4hrend und nach der Implantation des Schrittmachers durch unsere auf Elektrophysiologie spezialisierten Mitarbeiter.<\/p>\n<\/div><\/div>\n\n\n\n<div class=\"wp-block-esab-accordion-child\" style=\"border:1px solid #E0E0E0\"><div class=\"esab__head\" style=\"padding:10px 10px 10px 15px;background-color:#ffffff\" role=\"button\" aria-expanded=\"false\"><div class=\"esab__heading_txt\"><h5 class=\"esab__heading_tag\" style=\"color:#e63312\">VAD-Koordination<\/h5><\/div><div class=\"esab__icon\"><div class=\"esab__collapse\"><svg version=\"1.2\" viewBox=\"0 0 24 24\" width=\"24\" height=\"24\"><path d=\"m11.3 3.6h1.4q0.2 0 0.2 0.1v16.6q0 0.1-0.2 0.1h-1.4q-0.2 0-0.2-0.2v-16.5q0-0.1 0.2-0.1z\"><\/path><path d=\"m4.1 11.1h15.8q0.2 0 0.2 0.2v1.4q0 0.2-0.2 0.2h-15.8q-0.2 0-0.2-0.2v-1.4q0-0.2 0.2-0.2z\"><\/path><\/svg><\/div><div class=\"esab__expand\"><svg version=\"1.2\" viewBox=\"0 0 24 24\" width=\"24\" height=\"24\"><path d=\"m3.4 11.1h17.2v1.8h-17.2z\"><\/path><\/svg><\/div><\/div><\/div><div class=\"esab__body\" style=\"border-top:none;padding:15px;background-color:#ffffff\">\n<p>Unsere Spezialisten u\u0308bernehmen die Auswahl des ben\u00f6tigten Equipments, unterstu\u0308tzen Sie w\u00e4hrend der OP und u\u0308bernehmen auch die Nachsorge des Patienten.<\/p>\n<\/div><\/div>\n\n\n\n<div class=\"wp-block-esab-accordion-child\" style=\"border:1px solid #E0E0E0\"><div class=\"esab__head\" style=\"padding:10px 10px 10px 15px;background-color:#ffffff\" role=\"button\" aria-expanded=\"false\"><div class=\"esab__heading_txt\"><h5 class=\"esab__heading_tag\" style=\"color:#e63312\">TAVI-Unterst\u00fctzung<\/h5><\/div><div class=\"esab__icon\"><div class=\"esab__collapse\"><svg version=\"1.2\" viewBox=\"0 0 24 24\" width=\"24\" height=\"24\"><path d=\"m11.3 3.6h1.4q0.2 0 0.2 0.1v16.6q0 0.1-0.2 0.1h-1.4q-0.2 0-0.2-0.2v-16.5q0-0.1 0.2-0.1z\"><\/path><path d=\"m4.1 11.1h15.8q0.2 0 0.2 0.2v1.4q0 0.2-0.2 0.2h-15.8q-0.2 0-0.2-0.2v-1.4q0-0.2 0.2-0.2z\"><\/path><\/svg><\/div><div class=\"esab__expand\"><svg version=\"1.2\" viewBox=\"0 0 24 24\" width=\"24\" height=\"24\"><path d=\"m3.4 11.1h17.2v1.8h-17.2z\"><\/path><\/svg><\/div><\/div><\/div><div class=\"esab__body\" style=\"border-top:none;padding:15px;background-color:#ffffff\">\n<p>Unsere Kardiotechniker bereiten das TAVI-System vor und und leisten den Standby mit der Herz-Lungen-Maschine.<\/p>\n<\/div><\/div>\n<\/div><\/div>\n","protected":false},"excerpt":{"rendered":"<p>Der klassische Perfusionsservice stellt seit der Gr\u00fcndung von Life Systems das Kerngesch\u00e4ft dar. Durch unsere langj\u00e4hrige Erfahrung &#8230;<\/p>\n","protected":false},"author":1,"featured_media":384,"parent":0,"menu_order":0,"comment_status":"closed","ping_status":"closed","template":"","meta":{"_acf_changed":false,"footnotes":""},"class_list":["post-298","page","type-page","status-publish","has-post-thumbnail","hentry"],"acf":[],"_links":{"self":[{"href":"https:\/\/www.sgp-digital.de\/ls\/wp-json\/wp\/v2\/pages\/298","targetHints":{"allow":["GET"]}}],"collection":[{"href":"https:\/\/www.sgp-digital.de\/ls\/wp-json\/wp\/v2\/pages"}],"about":[{"href":"https:\/\/www.sgp-digital.de\/ls\/wp-json\/wp\/v2\/types\/page"}],"author":[{"embeddable":true,"href":"https:\/\/www.sgp-digital.de\/ls\/wp-json\/wp\/v2\/users\/1"}],"replies":[{"embeddable":true,"href":"https:\/\/www.sgp-digital.de\/ls\/wp-json\/wp\/v2\/comments?post=298"}],"version-history":[{"count":29,"href":"https:\/\/www.sgp-digital.de\/ls\/wp-json\/wp\/v2\/pages\/298\/revisions"}],"predecessor-version":[{"id":711,"href":"https:\/\/www.sgp-digital.de\/ls\/wp-json\/wp\/v2\/pages\/298\/revisions\/711"}],"wp:featuredmedia":[{"embeddable":true,"href":"https:\/\/www.sgp-digital.de\/ls\/wp-json\/wp\/v2\/media\/384"}],"wp:attachment":[{"href":"https:\/\/www.sgp-digital.de\/ls\/wp-json\/wp\/v2\/media?parent=298"}],"curies":[{"name":"wp","href":"https:\/\/api.w.org\/{rel}","templated":true}]}}