{"id":296,"date":"2023-10-24T15:20:59","date_gmt":"2023-10-24T13:20:59","guid":{"rendered":"https:\/\/neu.life-systems.de\/?page_id=296"},"modified":"2023-10-31T14:49:29","modified_gmt":"2023-10-31T13:49:29","slug":"geraetemamagement","status":"publish","type":"page","link":"https:\/\/www.sgp-digital.de\/ls\/geraetemamagement\/","title":{"rendered":"Kalkulierbare <b>Investitionskosten<\/b>"},"content":{"rendered":"\n<p><strong>Die Investitionskosten fu\u0308r immer leistungsf\u00e4higere Ger\u00e4te sind h\u00e4ufig schwer zu kalkulieren und k\u00f6nnen ein Krankenhausbudget unn\u00f6tig belasten, bevor von Kostenvorteilen profitiert werden kann.<\/strong><\/p>\n\n\n\n<figure class=\"wp-block-table hide550\"><table><thead><tr><th>Ger\u00e4teinvestitionen<\/th><th>Eigenbetrieb<\/th><th>Life Systems<\/th><\/tr><\/thead><tbody><tr><td><strong>Kosten<\/strong><\/td><td>meistens h\u00f6here Einkaufspreise, ggf. Vorteil durch verf\u00fcgbare Investitionsmittel<\/td><td>beste Einkaufskonditionen \u2013 flexible Abrechnungsmodelle \u2013 kein Investitionsstau in der Klinik<\/td><\/tr><tr><td><strong>Sicherheit und Risiko<\/strong><\/td><td><\/td><td>kurzfristige Ersatzgestellung bei Ger\u00e4teausfall oder h\u00f6herem Bedarf<\/td><\/tr><tr><td><strong>Nebenkosten<\/strong><\/td><td>au\u00dferordentliche Zusatzkosten durch Ger\u00e4teausfall, Ersatzbeschaffung und Reparaturen<\/td><td>flexible L\u00f6sungen f\u00fcr planbare Kosten, z. B. Abdeckung der Instandhaltung \/ Instandsetzung, Versicherung, Ersatzger\u00e4te<\/td><\/tr><tr><td><strong>Ressourcen-verwendung<\/strong><\/td><td>zus\u00e4tzlicher Zeitaufwand f\u00fcr QM-System, Erf\u00fcllung Betreiberpflichten, evtl. Beh\u00f6rdenkommunikation<\/td><td>\u00dcbernahme aller Betreiberpflichten und Risiko gem\u00e4\u00df MPDG \/ MPBetrV, \u00dcbernahme evtl. Beh\u00f6rdenkommunikation<\/td><\/tr><\/tbody><\/table><\/figure>\n\n\n\n<hr class=\"wp-block-separator has-alpha-channel-opacity hide550\"\/>\n\n\n\n<h4 class=\"wp-block-heading has-blue-color has-text-color\">Wir k\u00f6nnen Ihnen verschiedene Modelle anbieten, damit Sie einen genauen und kalkulierbaren \u00dcberblick u\u0308ber die Kosten bekommen: <\/h4>\n\n\n\n<h5 class=\"wp-block-heading has-red-color has-text-color\">Vier Modelle<\/h5>\n\n\n\n<ul class=\"has-grey-background-color has-background wp-block-list\">\n<li><strong>Kauf<\/strong> \u2013 Profitieren Sie von unseren Einkaufskonditionen <\/li>\n\n\n\n<li><strong>Miete<\/strong> \u2013 Als Full-Service oder reine Bereitstellung <\/li>\n\n\n\n<li><strong>Pay per Use<\/strong> \u2013 Zahlen Sie nur, wenn Sie das Ger\u00e4t auch einsetzen <\/li>\n\n\n\n<li><strong>Leasing <\/strong><\/li>\n<\/ul>\n\n\n\n<p>Lassen Sie sich Ihr individuelles Angebot fu\u0308r die von Ihnen ausgew\u00e4hlten Ger\u00e4te, wie beispielsweise Herz-Lungen-Maschinen, Hypothermieger\u00e4ten oder ECLS \/ECMO-Konsolen, erstellen. <\/p>\n\n\n\n<h5 class=\"wp-block-heading has-red-color has-text-color\">Zertifizierte Sicherheit und Qualit\u00e4t<\/h5>\n\n\n\n<p>Selbstverst\u00e4ndlich verantworten wir auch die Wartung und Instandsetzung der Ger\u00e4te im Rahmen des Medizinproduktedurchf\u00fchrungsgesetzes (MPDG) und der Medizinprodukte-Betreiberverordnung (MPBetreibV). Zus\u00e4tzlich ist Life Systems auch nach der Qualit\u00e4tsmanagement Norm DIN EN ISO 13485 zertifiziert.<\/p>\n\n\n\n<h5 class=\"wp-block-heading has-red-color has-text-color\">Verbrauchsmaterial<\/h5>\n\n\n\n<p>Auf Wunsch k\u00f6nnen wir Ihnen gerne auch die Belieferung mit dem ben\u00f6tigten Verbrauchsmaterial, wie zum Beispiel Oxygenatoren, Schlauchsets, Kanu\u0308len usw., anbieten. Unserer Philosophie entsprechend beraten wir unsere Kunden herstellerunabh\u00e4ngig, so dass wir Ihnen nach einer gemeinsamen, vorausgehenden Bedarfsanalyse die gewu\u0308nschten Ger\u00e4te und Verbrauchsmaterialien aller auf dem Markt t\u00e4tigen Hersteller beschaffen k\u00f6nnen.<\/p>\n\n\n\n<figure class=\"wp-block-table hide550\"><table><thead><tr><th>Verbrauchsmaterial<\/th><th>Eigenbetrieb<\/th><th>Life Systems<\/th><\/tr><\/thead><tbody><tr><td><strong>Kosten<\/strong><\/td><td>\u00fcber Einkaufsverbund inzwischen i. d. R. gute Einkaufspreise<\/td><td>gr\u00f6\u00dfter Einzeleink\u00e4ufer Deutschlands, Best Price Vergleiche in 2017 mehrfach bestanden (Benchmark: UNICO und Sana), Life Systems tr\u00e4gt Kosten und Risiko f\u00fcr Lagerhaltung, Mehrverbr\u00e4uche, Inventurdifferenzen<\/td><\/tr><tr><td><strong><strong>Flexibilit\u00e4t<\/strong><\/strong><\/td><td>Wechsel evtl. erst durch Ausscheibung m\u00f6glich<\/td><td>jederzeit flexibler Wechsel der Lieferanten<\/td><\/tr><tr><td><strong>Nebenkosten<\/strong><\/td><td>Reklamation, Ersatzlieferanten bei Lieferschwierigkeiten etc. m\u00fcssen \u00fcber internen Einkauf geregelt werden<\/td><td>schnelle Ersatzbeschaffung falls Hauptlieferant nicht liefern kann, individuelle Anpassung von Material  \u00fcbernimmt Life Systems, immer hinreichende Ersatzbelieferung durch \u201eAustausch\u201c zwischen den einzelnen H\u00e4usern<\/td><\/tr><tr><td><strong>Ressourcen-verwendung<\/strong><\/td><td><\/td><td>Ressourcen stellt Life Systems<\/td><\/tr><\/tbody><\/table><\/figure>\n","protected":false},"excerpt":{"rendered":"<p>Die Investitionskosten fu\u0308r immer leistungsf\u00e4higere Ger\u00e4te sind h\u00e4ufig schwer zu kalkulieren und k\u00f6nnen ein Krankenhausbudget unn\u00f6tig belasten, &#8230;<\/p>\n","protected":false},"author":1,"featured_media":290,"parent":0,"menu_order":0,"comment_status":"closed","ping_status":"closed","template":"","meta":{"_acf_changed":false,"footnotes":""},"class_list":["post-296","page","type-page","status-publish","has-post-thumbnail","hentry"],"acf":[],"_links":{"self":[{"href":"https:\/\/www.sgp-digital.de\/ls\/wp-json\/wp\/v2\/pages\/296","targetHints":{"allow":["GET"]}}],"collection":[{"href":"https:\/\/www.sgp-digital.de\/ls\/wp-json\/wp\/v2\/pages"}],"about":[{"href":"https:\/\/www.sgp-digital.de\/ls\/wp-json\/wp\/v2\/types\/page"}],"author":[{"embeddable":true,"href":"https:\/\/www.sgp-digital.de\/ls\/wp-json\/wp\/v2\/users\/1"}],"replies":[{"embeddable":true,"href":"https:\/\/www.sgp-digital.de\/ls\/wp-json\/wp\/v2\/comments?post=296"}],"version-history":[{"count":16,"href":"https:\/\/www.sgp-digital.de\/ls\/wp-json\/wp\/v2\/pages\/296\/revisions"}],"predecessor-version":[{"id":408,"href":"https:\/\/www.sgp-digital.de\/ls\/wp-json\/wp\/v2\/pages\/296\/revisions\/408"}],"wp:featuredmedia":[{"embeddable":true,"href":"https:\/\/www.sgp-digital.de\/ls\/wp-json\/wp\/v2\/media\/290"}],"wp:attachment":[{"href":"https:\/\/www.sgp-digital.de\/ls\/wp-json\/wp\/v2\/media?parent=296"}],"curies":[{"name":"wp","href":"https:\/\/api.w.org\/{rel}","templated":true}]}}