{"id":241,"date":"2023-09-04T09:21:53","date_gmt":"2023-09-04T07:21:53","guid":{"rendered":"https:\/\/neu.life-systems.de\/?page_id=241"},"modified":"2025-01-06T12:57:23","modified_gmt":"2025-01-06T11:57:23","slug":"stellenanzeigen","status":"publish","type":"page","link":"https:\/\/www.sgp-digital.de\/ls\/stellenanzeigen\/","title":{"rendered":"<b>Werden Sie Teil<\/b>\u00a0unseres Teams"},"content":{"rendered":"\n<p><strong>Die Life Systems Medizintechnik-Service GmbH ist seit ihrer Gr\u00fcndung im Jahre 1995 der deutsche Marktf\u00fchrer f\u00fcr kardiotechnische Dienstleistungen in der Herzchirurgie.<\/strong><\/p>\n\n\n\n<p>Gemeinsam mit den mittlerweile 13 Klinikteams koordinieren und \u00fcbernehmen die Mitarbeiter in der Zentrale in M\u00f6nchengladbach die herstellerunabh\u00e4ngige Auswahl und Disposition von Verbrauchsartikeln, den Erwerb und Betrieb des Ger\u00e4teparks und die Personaldisposition von ausschlie\u00dflich zertifizierten Kardiotechnikern.<\/p>\n\n\n\n<p>Auch f\u00fcr den Fall, dass wir derzeit keine passende Stelle f\u00fcr Sie ausgeschrieben haben, sind wir st\u00e4ndig auf der Suche nach engagierten Mitarbeitern und freuen uns auf Ihre aussagekr\u00e4ftigen Bewerbungsunterlagen. Diese richten Sie bitte an Herrn Oliver Hamm-Busch unter\u00a0<a href=\"http:\/\/%3Ca%20href%3D%22mailto:bewerbung%40life-systems.de%22%3Ebewerbung@life-systems.de%3C\/a%3E\">bewerbung@life-systems.de<\/a><\/p>\n\n\n\n<p><\/p>\n","protected":false},"excerpt":{"rendered":"<p>Die Life Systems Medizintechnik-Service GmbH ist seit ihrer Gr\u00fcndung im Jahre 1995 der deutsche Marktf\u00fchrer f\u00fcr kardiotechnische &#8230;<\/p>\n","protected":false},"author":1,"featured_media":0,"parent":0,"menu_order":0,"comment_status":"closed","ping_status":"closed","template":"","meta":{"_acf_changed":false,"footnotes":""},"class_list":["post-241","page","type-page","status-publish","hentry"],"acf":[],"_links":{"self":[{"href":"https:\/\/www.sgp-digital.de\/ls\/wp-json\/wp\/v2\/pages\/241","targetHints":{"allow":["GET"]}}],"collection":[{"href":"https:\/\/www.sgp-digital.de\/ls\/wp-json\/wp\/v2\/pages"}],"about":[{"href":"https:\/\/www.sgp-digital.de\/ls\/wp-json\/wp\/v2\/types\/page"}],"author":[{"embeddable":true,"href":"https:\/\/www.sgp-digital.de\/ls\/wp-json\/wp\/v2\/users\/1"}],"replies":[{"embeddable":true,"href":"https:\/\/www.sgp-digital.de\/ls\/wp-json\/wp\/v2\/comments?post=241"}],"version-history":[{"count":6,"href":"https:\/\/www.sgp-digital.de\/ls\/wp-json\/wp\/v2\/pages\/241\/revisions"}],"predecessor-version":[{"id":929,"href":"https:\/\/www.sgp-digital.de\/ls\/wp-json\/wp\/v2\/pages\/241\/revisions\/929"}],"wp:attachment":[{"href":"https:\/\/www.sgp-digital.de\/ls\/wp-json\/wp\/v2\/media?parent=241"}],"curies":[{"name":"wp","href":"https:\/\/api.w.org\/{rel}","templated":true}]}}