{"id":1012,"date":"2025-06-30T11:04:21","date_gmt":"2025-06-30T09:04:21","guid":{"rendered":"https:\/\/www.sgp-digital.de\/ls\/?page_id=1012"},"modified":"2025-09-29T17:24:43","modified_gmt":"2025-09-29T15:24:43","slug":"netzwerk","status":"publish","type":"page","link":"https:\/\/www.sgp-digital.de\/ls\/netzwerk\/","title":{"rendered":"<b>Internationale Vernetzung<\/b> \u2013 Perfusion in globalem Austausch"},"content":{"rendered":"\n<h4 class=\"wp-block-heading has-blue-color has-text-color has-link-color wp-elements-2812ea1db861deb4e6a4cea223b9c2ac\">Exzellente Patientenversorgung entsteht dort, wo Wissen, Erfahrung und Technologie zusammenkommen. Deshalb setzt Life Systems seit jeher auf eine starke internationale Vernetzung. <\/h4>\n\n\n\n<p>Wir kooperieren eng mit <strong>CCS<\/strong>, dem gr\u00f6\u00dften Anbieter von Perfusionsdienstleistungen in den USA, und pflegen einen kontinuierlichen Austausch mit f\u00fchrenden Herstellern und Lieferanten. Auf diese Weise sichern wir f\u00fcr unsere Klinikpartner die bestm\u00f6gliche Material- und Ger\u00e4teausstattung \u2013 stets auf dem neuesten Stand der Medizintechnik.<\/p>\n\n\n\n<p>Doch internationale Zusammenarbeit bedeutet f\u00fcr uns mehr als technologische Innovation. Sie schafft auch einen direkten Mehrwert f\u00fcr unsere Mitarbeitenden: Der Austausch mit Kolleg:innen aus aller Welt bringt frisches Know-how in die t\u00e4gliche Arbeit, inspiriert zu neuen L\u00f6sungsans\u00e4tzen und tr\u00e4gt entscheidend dazu bei, die Qualit\u00e4t der Perfusion kontinuierlich zu verbessern. Unter bestimmten Voraussetzungen er\u00f6ffnen wir sogar M\u00f6glichkeiten zu Auslandspraktika, um Erfahrungen in anderen Gesundheitssystemen zu sammeln und diese Impulse zur\u00fcck nach Deutschland zu bringen.<\/p>\n\n\n\n<p>So verbinden wir globale Expertise und lokale Umsetzung. F\u00fcr Kliniken bedeutet das modernste Technik und h\u00f6chste Sicherheit. F\u00fcr unsere Perfusionist:innen bietet es ein Umfeld, in dem internationale Standards gelebte Praxis werden. F\u00fcr unsere Patient:innen hei\u00dft es vor allem: maximale Sicherheit und Versorgung auf h\u00f6chstem Niveau.<\/p>\n","protected":false},"excerpt":{"rendered":"<p>Exzellente Patientenversorgung entsteht dort, wo Wissen, Erfahrung und Technologie zusammenkommen. Deshalb setzt Life Systems seit jeher auf &#8230;<\/p>\n","protected":false},"author":1,"featured_media":240,"parent":0,"menu_order":0,"comment_status":"closed","ping_status":"closed","template":"","meta":{"_acf_changed":false,"footnotes":""},"class_list":["post-1012","page","type-page","status-publish","has-post-thumbnail","hentry"],"acf":[],"_links":{"self":[{"href":"https:\/\/www.sgp-digital.de\/ls\/wp-json\/wp\/v2\/pages\/1012","targetHints":{"allow":["GET"]}}],"collection":[{"href":"https:\/\/www.sgp-digital.de\/ls\/wp-json\/wp\/v2\/pages"}],"about":[{"href":"https:\/\/www.sgp-digital.de\/ls\/wp-json\/wp\/v2\/types\/page"}],"author":[{"embeddable":true,"href":"https:\/\/www.sgp-digital.de\/ls\/wp-json\/wp\/v2\/users\/1"}],"replies":[{"embeddable":true,"href":"https:\/\/www.sgp-digital.de\/ls\/wp-json\/wp\/v2\/comments?post=1012"}],"version-history":[{"count":5,"href":"https:\/\/www.sgp-digital.de\/ls\/wp-json\/wp\/v2\/pages\/1012\/revisions"}],"predecessor-version":[{"id":1053,"href":"https:\/\/www.sgp-digital.de\/ls\/wp-json\/wp\/v2\/pages\/1012\/revisions\/1053"}],"wp:featuredmedia":[{"embeddable":true,"href":"https:\/\/www.sgp-digital.de\/ls\/wp-json\/wp\/v2\/media\/240"}],"wp:attachment":[{"href":"https:\/\/www.sgp-digital.de\/ls\/wp-json\/wp\/v2\/media?parent=1012"}],"curies":[{"name":"wp","href":"https:\/\/api.w.org\/{rel}","templated":true}]}}