{"id":1005,"date":"2025-06-27T13:48:14","date_gmt":"2025-06-27T11:48:14","guid":{"rendered":"https:\/\/www.sgp-digital.de\/ls\/?page_id=1005"},"modified":"2025-09-30T08:20:38","modified_gmt":"2025-09-30T06:20:38","slug":"kardiotechnische-vollversorgung","status":"publish","type":"page","link":"https:\/\/www.sgp-digital.de\/ls\/kardiotechnische-vollversorgung\/","title":{"rendered":"Life Systems \u2013 <b>Kardiotechnische Vollversorgung<\/b> f\u00fcr Kliniken in ganz Deutschland"},"content":{"rendered":"\n<h4 class=\"wp-block-heading has-blue-color has-text-color has-link-color wp-elements-c1b69c6aae2751c47067c24df1d446f8\">Seit drei Jahrzehnten ist Life Systems der verl\u00e4ssliche Partner f\u00fcr Kliniken, wenn es um Perfusion und Patientensicherheit geht.<\/h4>\n\n\n\n<p>Mit \u00fcber <strong>110 klinisch t\u00e4tigen Perfusionist:innen<\/strong> betreuen wir j\u00e4hrlich mehr als <strong>15.000 Eingriffe<\/strong> mit und ohne Herz-Lungen-Maschine (HLM) oder ECMO-Unterst\u00fctzung \u2013 und sorgen damit f\u00fcr h\u00f6chste Versorgungsqualit\u00e4t.<\/p>\n\n\n\n<p><strong>Unser Anspruch ist klar:<\/strong> H\u00f6chste Patientensicherheit in der Perfusion. Um das zu gew\u00e4hrleisten, kombinieren wir Fachkompetenz, Erfahrung und modernste Technik zu einem ganzheitlichen Leistungspaket, das Kliniken entlastet und Abl\u00e4ufe effizienter macht.<\/p>\n\n\n\n<ul class=\"wp-block-list\">\n<li><strong>Personal f\u00fcr die Perfusion:<\/strong> Von Personalmanagement \u00fcber Expert-Leasing bis hin zu Aus- und Weiterbildung stellen wir flexible L\u00f6sungen f\u00fcr den klinischen Alltag bereit.<\/li>\n\n\n\n<li><strong>Hardware &amp; Equipment:<\/strong> Wir \u00fcbernehmen die Bereitstellung und den technischen Service von Ger\u00e4ten, k\u00fcmmern uns um Ersatzger\u00e4te und bieten eine Notfallhotline \u2013 zuverl\u00e4ssig und jederzeit verf\u00fcgbar.<\/li>\n\n\n\n<li><strong>Verbrauchsmaterial:<\/strong> Mit professioneller Bestellung, Lagerhaltung und Logistik sorgen wir f\u00fcr reibungslose Abl\u00e4ufe im Hintergrund.<\/li>\n<\/ul>\n\n\n\n<p>So sichern wir nicht nur den Betrieb im OP und auf der Intensivstation, sondern auch die nachhaltige Entlastung Ihrer Klinik. <strong>Life Systems bedeutet Vollversorgung in der Perfusion \u2013 kompetent, planbar und immer auf h\u00f6chstem Qualit\u00e4tsniveau.<\/strong><\/p>\n\n\n\n<hr class=\"wp-block-separator has-alpha-channel-opacity\"\/>\n\n\n\n<figure class=\"wp-block-image size-large\"><img loading=\"lazy\" decoding=\"async\" width=\"1200\" height=\"1084\" src=\"https:\/\/www.sgp-digital.de\/ls\/wp-content\/uploads\/qualitaetsstrategie-1200x1084.png\" alt=\"\" class=\"wp-image-1054\" srcset=\"https:\/\/www.sgp-digital.de\/ls\/wp-content\/uploads\/qualitaetsstrategie-1200x1084.png 1200w, https:\/\/www.sgp-digital.de\/ls\/wp-content\/uploads\/qualitaetsstrategie-500x452.png 500w, https:\/\/www.sgp-digital.de\/ls\/wp-content\/uploads\/qualitaetsstrategie-768x694.png 768w, https:\/\/www.sgp-digital.de\/ls\/wp-content\/uploads\/qualitaetsstrategie.png 1324w\" sizes=\"auto, (max-width: 1200px) 100vw, 1200px\" \/><\/figure>\n","protected":false},"excerpt":{"rendered":"<p>Ut non enim eleifend felis pretium feugiat. Sed a libero. Vestibulum purus quam, scelerisque ut, mollis sed, nonummy id, metus. Vivamus consectetuer hendrerit lacus. Sed fringilla mauris sit amet nibh.<\/p>\n","protected":false},"author":1,"featured_media":982,"parent":0,"menu_order":0,"comment_status":"closed","ping_status":"closed","template":"","meta":{"_acf_changed":false,"footnotes":""},"class_list":["post-1005","page","type-page","status-publish","has-post-thumbnail","hentry"],"acf":[],"_links":{"self":[{"href":"https:\/\/www.sgp-digital.de\/ls\/wp-json\/wp\/v2\/pages\/1005","targetHints":{"allow":["GET"]}}],"collection":[{"href":"https:\/\/www.sgp-digital.de\/ls\/wp-json\/wp\/v2\/pages"}],"about":[{"href":"https:\/\/www.sgp-digital.de\/ls\/wp-json\/wp\/v2\/types\/page"}],"author":[{"embeddable":true,"href":"https:\/\/www.sgp-digital.de\/ls\/wp-json\/wp\/v2\/users\/1"}],"replies":[{"embeddable":true,"href":"https:\/\/www.sgp-digital.de\/ls\/wp-json\/wp\/v2\/comments?post=1005"}],"version-history":[{"count":10,"href":"https:\/\/www.sgp-digital.de\/ls\/wp-json\/wp\/v2\/pages\/1005\/revisions"}],"predecessor-version":[{"id":1056,"href":"https:\/\/www.sgp-digital.de\/ls\/wp-json\/wp\/v2\/pages\/1005\/revisions\/1056"}],"wp:featuredmedia":[{"embeddable":true,"href":"https:\/\/www.sgp-digital.de\/ls\/wp-json\/wp\/v2\/media\/982"}],"wp:attachment":[{"href":"https:\/\/www.sgp-digital.de\/ls\/wp-json\/wp\/v2\/media?parent=1005"}],"curies":[{"name":"wp","href":"https:\/\/api.w.org\/{rel}","templated":true}]}}