{"id":1021,"date":"2025-06-27T13:36:14","date_gmt":"2025-06-27T11:36:14","guid":{"rendered":"https:\/\/www.sgp-digital.de\/ls\/beratung-und-individuelle-loesungen\/"},"modified":"2025-07-01T09:28:36","modified_gmt":"2025-07-01T07:28:36","slug":"beratung-und-individuelle-loesungen","status":"publish","type":"page","link":"https:\/\/www.sgp-digital.de\/ls\/en\/beratung-und-individuelle-loesungen\/","title":{"rendered":"<b>Beratung<\/b> und individuelle <b>L\u00f6sungen<\/b>"},"content":{"rendered":"\n<p class=\"has-white-color has-red-background-color has-text-color has-background has-link-color wp-elements-dc3f49662ce94688e8073abbcbcbf8c5\">Noch nicht \u00fcbersetzt!<\/p>\n\n\n\n<h4 class=\"wp-block-heading has-blue-color has-text-color has-link-color wp-elements-ec5b8da70fb2f9e6f306198260cd0db8\">Fixkosten reduzieren<\/h4>\n\n\n\n<p>F\u00fcr Ihre moderne Ausstattung in der Perfusion \u00fcbernehmen wir f\u00fcr Sie die hohen Investitionskosten \u2013 von der Kan\u00fcle bis zur Herz-Lungen-Maschine.<\/p>\n\n\n\n<hr class=\"wp-block-separator has-alpha-channel-opacity\"\/>\n\n\n\n<h4 class=\"wp-block-heading has-blue-color has-text-color has-link-color wp-elements-6df5d823fa53bd142d0f79cfa6b2fc5c\">Qualit\u00e4t steigern<\/h4>\n\n\n\n<p>Hochqualifizierte und zertifizierte Experten in Ihrer Klinik steigern nicht nur die Qualit\u00e4t, sondern auch Ihre Konkurrenzf\u00e4higkeit.<\/p>\n\n\n\n<hr class=\"wp-block-separator has-alpha-channel-opacity\"\/>\n\n\n\n<h4 class=\"wp-block-heading has-blue-color has-text-color has-link-color wp-elements-8838ff3418daadb5e2877b20cc4ebb6f\">Flexibel agieren<\/h4>\n\n\n\n<p>Unsere Springer stehen Ihnen auch kurzfristig zur Verf\u00fcgung \u2013 die Dauer des Einsatzzeitraumes k\u00f6nnen Sie individuell bestimmen.<\/p>\n\n\n\n<hr class=\"wp-block-separator has-alpha-channel-opacity\"\/>\n\n\n\n<h4 class=\"wp-block-heading has-blue-color has-text-color has-link-color wp-elements-e8413a651d0481658b4fddefeba60b45\">Neueste Technik<\/h4>\n\n\n\n<p>Wir stehen in permanentem Kontakt mit Herstellern aus allen Bereichen und bieten Ihnen stets die neuesten Technologien f\u00fcr Ihre Operationss\u00e4le.<\/p>\n\n\n\n<hr class=\"wp-block-separator has-alpha-channel-opacity\"\/>\n\n\n\n<h4 class=\"wp-block-heading has-blue-color has-text-color has-link-color wp-elements-7e12e1a66a6e57e381d0141c1611e009\">Full-Service-Anbieter<\/h4>\n\n\n\n<p>Sie haben einen Ansprechpartner vom Einkauf \u00fcber Lieferung, Lagerhaltung, Anwendung der Medizinprodukte, techn. Service bis hin zur Personaleinsatzplanung. Wir bieten Ihnen L\u00f6sungen aus einer Hand.<\/p>\n","protected":false},"excerpt":{"rendered":"<p>Noch nicht \u00fcbersetzt! Fixkosten reduzieren F\u00fcr Ihre moderne Ausstattung in der Perfusion \u00fcbernehmen wir f\u00fcr Sie die &#8230;<\/p>\n","protected":false},"author":1,"featured_media":450,"parent":0,"menu_order":0,"comment_status":"closed","ping_status":"closed","template":"","meta":{"_acf_changed":false,"footnotes":""},"class_list":["post-1021","page","type-page","status-publish","has-post-thumbnail","hentry"],"acf":[],"_links":{"self":[{"href":"https:\/\/www.sgp-digital.de\/ls\/en\/wp-json\/wp\/v2\/pages\/1021","targetHints":{"allow":["GET"]}}],"collection":[{"href":"https:\/\/www.sgp-digital.de\/ls\/en\/wp-json\/wp\/v2\/pages"}],"about":[{"href":"https:\/\/www.sgp-digital.de\/ls\/en\/wp-json\/wp\/v2\/types\/page"}],"author":[{"embeddable":true,"href":"https:\/\/www.sgp-digital.de\/ls\/en\/wp-json\/wp\/v2\/users\/1"}],"replies":[{"embeddable":true,"href":"https:\/\/www.sgp-digital.de\/ls\/en\/wp-json\/wp\/v2\/comments?post=1021"}],"version-history":[{"count":1,"href":"https:\/\/www.sgp-digital.de\/ls\/en\/wp-json\/wp\/v2\/pages\/1021\/revisions"}],"predecessor-version":[{"id":1022,"href":"https:\/\/www.sgp-digital.de\/ls\/en\/wp-json\/wp\/v2\/pages\/1021\/revisions\/1022"}],"wp:featuredmedia":[{"embeddable":true,"href":"https:\/\/www.sgp-digital.de\/ls\/en\/wp-json\/wp\/v2\/media\/450"}],"wp:attachment":[{"href":"https:\/\/www.sgp-digital.de\/ls\/en\/wp-json\/wp\/v2\/media?parent=1021"}],"curies":[{"name":"wp","href":"https:\/\/api.w.org\/{rel}","templated":true}]}}