{"id":536,"date":"2025-09-29T13:01:58","date_gmt":"2025-09-29T11:01:58","guid":{"rendered":"https:\/\/www.sgp-digital.de\/ls-recruiting\/?page_id=536"},"modified":"2025-09-29T13:53:28","modified_gmt":"2025-09-29T11:53:28","slug":"fuer-zertifizierte-r-perfusionistin-die-sich-beruflich-veraendern-moechten","status":"publish","type":"page","link":"https:\/\/www.sgp-digital.de\/ls-recruiting\/fuer-zertifizierte-r-perfusionistin-die-sich-beruflich-veraendern-moechten\/","title":{"rendered":"<b>F\u00fcr zertifizierte\/r Perfusionist*In,<\/b> die sich beruflich ver\u00e4ndern m\u00f6chten?"},"content":{"rendered":"<div class=\"wp-block-image\">\n<figure class=\"alignright size-full\"><img loading=\"lazy\" decoding=\"async\" width=\"1600\" height=\"1133\" src=\"https:\/\/www.sgp-digital.de\/ls-recruiting\/wp-content\/uploads\/portrait_02-1.jpg\" alt=\"\" class=\"wp-image-458\" srcset=\"https:\/\/www.sgp-digital.de\/ls-recruiting\/wp-content\/uploads\/portrait_02-1.jpg 1600w, https:\/\/www.sgp-digital.de\/ls-recruiting\/wp-content\/uploads\/portrait_02-1-500x354.jpg 500w, https:\/\/www.sgp-digital.de\/ls-recruiting\/wp-content\/uploads\/portrait_02-1-1200x850.jpg 1200w, https:\/\/www.sgp-digital.de\/ls-recruiting\/wp-content\/uploads\/portrait_02-1-768x544.jpg 768w, https:\/\/www.sgp-digital.de\/ls-recruiting\/wp-content\/uploads\/portrait_02-1-1536x1088.jpg 1536w\" sizes=\"auto, (max-width: 1600px) 100vw, 1600px\" \/><\/figure>\n<\/div>\n\n\n<p><strong>Sowohl in Bezug auf die Anzahl der betreuten Kliniken, die j\u00e4hrlich durchgef\u00fchrten Prozeduren und die Anzahl der besch\u00e4ftigten Perfusionisten*Innen ist Life Systems Marktf\u00fchrer in Deutschland.<\/strong><\/p>\n\n\n\n<p>Der Erfolg unseres Konzeptes und das uns entgegengebrachte Vertrauen ist f\u00fcr uns Best\u00e4tigung sowie Motivation zugleich, die Qualit\u00e4t unserer Dienstleistungen und die F\u00f6rderung unserer Mitarbeiter st\u00e4ndig weiterzuentwickeln.<\/p>\n\n\n\n<p>Um dieses Ziel zu erreichen sind wir stetig auf der Suche nach motivierten Mitarbeitenden f\u00fcr unsere 14 Partnerkliniken sowie unser Expert-Leasing Team.<\/p>\n","protected":false},"excerpt":{"rendered":"<p>Sowohl in Bezug auf die Anzahl der betreuten Kliniken, die j\u00e4hrlich durchgef\u00fchrten Prozeduren und die Anzahl der besch\u00e4ftigten Perfusionisten*Innen ist Life Systems Marktf\u00fchrer in Deutschland. Der Erfolg unseres Konzeptes und &#8230;<\/p>\n","protected":false},"author":1,"featured_media":0,"parent":0,"menu_order":0,"comment_status":"closed","ping_status":"closed","template":"","meta":{"_acf_changed":false,"footnotes":""},"class_list":["post-536","page","type-page","status-publish","hentry"],"acf":[],"_links":{"self":[{"href":"https:\/\/www.sgp-digital.de\/ls-recruiting\/wp-json\/wp\/v2\/pages\/536","targetHints":{"allow":["GET"]}}],"collection":[{"href":"https:\/\/www.sgp-digital.de\/ls-recruiting\/wp-json\/wp\/v2\/pages"}],"about":[{"href":"https:\/\/www.sgp-digital.de\/ls-recruiting\/wp-json\/wp\/v2\/types\/page"}],"author":[{"embeddable":true,"href":"https:\/\/www.sgp-digital.de\/ls-recruiting\/wp-json\/wp\/v2\/users\/1"}],"replies":[{"embeddable":true,"href":"https:\/\/www.sgp-digital.de\/ls-recruiting\/wp-json\/wp\/v2\/comments?post=536"}],"version-history":[{"count":7,"href":"https:\/\/www.sgp-digital.de\/ls-recruiting\/wp-json\/wp\/v2\/pages\/536\/revisions"}],"predecessor-version":[{"id":551,"href":"https:\/\/www.sgp-digital.de\/ls-recruiting\/wp-json\/wp\/v2\/pages\/536\/revisions\/551"}],"wp:attachment":[{"href":"https:\/\/www.sgp-digital.de\/ls-recruiting\/wp-json\/wp\/v2\/media?parent=536"}],"curies":[{"name":"wp","href":"https:\/\/api.w.org\/{rel}","templated":true}]}}