{"id":529,"date":"2025-09-29T12:55:52","date_gmt":"2025-09-29T10:55:52","guid":{"rendered":"https:\/\/www.sgp-digital.de\/ls-recruiting\/?page_id=529"},"modified":"2025-09-29T13:55:43","modified_gmt":"2025-09-29T11:55:43","slug":"fuer-studierende-mit-berufsqualifizierendem-bachelorabschluss-im-bereich-biomedizinische-technik-medizintechnik-oder-einem-artverwandten-studiengang","status":"publish","type":"page","link":"https:\/\/www.sgp-digital.de\/ls-recruiting\/fuer-studierende-mit-berufsqualifizierendem-bachelorabschluss-im-bereich-biomedizinische-technik-medizintechnik-oder-einem-artverwandten-studiengang\/","title":{"rendered":"<b>F\u00fcr Studierende<\/b> mit <b>berufsqualifizierendem Bachelorabschluss<\/b> im Bereich Biomedizinische Technik, Medizintechnik oder einem artverwandten Studiengang"},"content":{"rendered":"<div class=\"wp-block-image\">\n<figure class=\"alignright size-full\"><img loading=\"lazy\" decoding=\"async\" width=\"800\" height=\"533\" src=\"https:\/\/www.sgp-digital.de\/ls-recruiting\/wp-content\/uploads\/ukkoeln-1.jpg\" alt=\"\" class=\"wp-image-553\" srcset=\"https:\/\/www.sgp-digital.de\/ls-recruiting\/wp-content\/uploads\/ukkoeln-1.jpg 800w, https:\/\/www.sgp-digital.de\/ls-recruiting\/wp-content\/uploads\/ukkoeln-1-500x333.jpg 500w, https:\/\/www.sgp-digital.de\/ls-recruiting\/wp-content\/uploads\/ukkoeln-1-768x512.jpg 768w\" sizes=\"auto, (max-width: 800px) 100vw, 800px\" \/><\/figure>\n<\/div>\n\n\n<p><strong>Masterstudiengang Cardiovascular Perfusion M.Sc. mit EBCP-Zertifizierung<\/strong><\/p>\n\n\n\n<p>In Kooperation mit Life Systems und namhaften Kliniken bietet die Fachhochschule M\u00fcnster den weiterbildenden Masterstudiengang Cardiovascular Perfusion an. Dieser kombiniert die EBCP-Zertifizierung f\u00fcr Perfusionist:Innen mit dem Masterabschluss. W\u00e4hrend die Student*innen bei Life Systems die praktische T\u00e4tigkeit erlernen, \u00fcbernehmen Lehrbeauftragte der Partnerkliniken der FH M\u00fcnster die theoretische Ausbildung.<\/p>\n\n\n\n<p>Bei unserem Konzept lernen die Student*innen von Fachkr\u00e4ften aus den Bereichen Perfusiologie, Medizin, Pharmakologie und Hygiene alle Lehrinhalte aus erster Hand.<\/p>\n\n\n\n<p>Studienbeginn ist j\u00e4hrlich im Wintersemester (Anfang Oktober).&nbsp;<\/p>\n\n\n\n<p><strong>Hochschulzertifikatskurs im Bereich klinische Perfusion\/Kardiotechnik mit EBCP-Zertifizierung<\/strong><\/p>\n\n\n\n<p>In Kooperation mit Life Systems und namhaften Kliniken hat die Fachhochschule M\u00fcnster 2021 den Hochschulzertifikatskurs Klinische Perfusion \/ Kardiotechnik ins Leben gerufen. Sie erwerben hier die EBCP-Zertifizierung mit der Sie als Perfusionst:In praktizieren d\u00fcrfen. W\u00e4hrend an einem unserer 14 Standorte die praktische T\u00e4tigkeit erlernen, \u00fcbernimmt die FH M\u00fcnster und deren Partnerkliniken die theoretische Ausbildung.<\/p>\n\n\n\n<p>Bei diesem Konzept lernen die Teilnehmer*innen von Fachkr\u00e4ften aus den Bereichen Perfusiologie, Medizin, Pharmakologie und Hygiene alle Lehrinhalte aus erster Hand.&nbsp;<\/p>\n\n\n\n<p>Ausbildungsbeginn ist j\u00e4hrlich im Wintersemester (Anfang Oktober).&nbsp;<\/p>\n\n\n\n<p>Sie haben organisatorische Fragen? Fragen zu fachlichen Inhalten oder Zulassungsvoraussetzungen? Sprechen Sie uns an, wir beraten Sie gerne!<\/p>\n","protected":false},"excerpt":{"rendered":"<p>Masterstudiengang Cardiovascular Perfusion M.Sc. mit EBCP-Zertifizierung In Kooperation mit Life Systems und namhaften Kliniken bietet die Fachhochschule M\u00fcnster den weiterbildenden Masterstudiengang Cardiovascular Perfusion an. Dieser kombiniert die EBCP-Zertifizierung f\u00fcr Perfusionist:Innen &#8230;<\/p>\n","protected":false},"author":1,"featured_media":0,"parent":0,"menu_order":0,"comment_status":"closed","ping_status":"closed","template":"","meta":{"_acf_changed":false,"footnotes":""},"class_list":["post-529","page","type-page","status-publish","hentry"],"acf":[],"_links":{"self":[{"href":"https:\/\/www.sgp-digital.de\/ls-recruiting\/wp-json\/wp\/v2\/pages\/529","targetHints":{"allow":["GET"]}}],"collection":[{"href":"https:\/\/www.sgp-digital.de\/ls-recruiting\/wp-json\/wp\/v2\/pages"}],"about":[{"href":"https:\/\/www.sgp-digital.de\/ls-recruiting\/wp-json\/wp\/v2\/types\/page"}],"author":[{"embeddable":true,"href":"https:\/\/www.sgp-digital.de\/ls-recruiting\/wp-json\/wp\/v2\/users\/1"}],"replies":[{"embeddable":true,"href":"https:\/\/www.sgp-digital.de\/ls-recruiting\/wp-json\/wp\/v2\/comments?post=529"}],"version-history":[{"count":3,"href":"https:\/\/www.sgp-digital.de\/ls-recruiting\/wp-json\/wp\/v2\/pages\/529\/revisions"}],"predecessor-version":[{"id":554,"href":"https:\/\/www.sgp-digital.de\/ls-recruiting\/wp-json\/wp\/v2\/pages\/529\/revisions\/554"}],"wp:attachment":[{"href":"https:\/\/www.sgp-digital.de\/ls-recruiting\/wp-json\/wp\/v2\/media?parent=529"}],"curies":[{"name":"wp","href":"https:\/\/api.w.org\/{rel}","templated":true}]}}