{"id":526,"date":"2025-09-29T12:52:12","date_gmt":"2025-09-29T10:52:12","guid":{"rendered":"https:\/\/www.sgp-digital.de\/ls-recruiting\/?page_id=526"},"modified":"2025-09-29T13:50:10","modified_gmt":"2025-09-29T11:50:10","slug":"fuer-ausgebildete-krankenpflegerinnen-und-notfallsanitaeterinnen","status":"publish","type":"page","link":"https:\/\/www.sgp-digital.de\/ls-recruiting\/fuer-ausgebildete-krankenpflegerinnen-und-notfallsanitaeterinnen\/","title":{"rendered":"F\u00fcr ausgebildete <b>Krankenpfleger*Innen<\/b> und <b>Notfallsanit\u00e4ter*Innen<\/b>"},"content":{"rendered":"<div class=\"wp-block-image\">\n<figure class=\"alignright size-full\"><img loading=\"lazy\" decoding=\"async\" width=\"1519\" height=\"1073\" src=\"https:\/\/www.sgp-digital.de\/ls-recruiting\/wp-content\/uploads\/ausbildung.jpg\" alt=\"\" class=\"wp-image-422\" srcset=\"https:\/\/www.sgp-digital.de\/ls-recruiting\/wp-content\/uploads\/ausbildung.jpg 1519w, https:\/\/www.sgp-digital.de\/ls-recruiting\/wp-content\/uploads\/ausbildung-500x353.jpg 500w, https:\/\/www.sgp-digital.de\/ls-recruiting\/wp-content\/uploads\/ausbildung-1200x848.jpg 1200w, https:\/\/www.sgp-digital.de\/ls-recruiting\/wp-content\/uploads\/ausbildung-768x543.jpg 768w\" sizes=\"auto, (max-width: 1519px) 100vw, 1519px\" \/><\/figure>\n<\/div>\n\n\n<p>Sie haben eine abgeschlossene Ausbildung zum\/zur Notfallsanit\u00e4ter\/in, Krankenpfleger\/in oder einem vergleichbaren Berufsabschluss im medizinischen Bereich und Berufserfahrung in der Perfusiologie. \u00c4quivalenz vergleichbar mit DQR 6.<\/p>\n\n\n\n<p><strong>Hochschulzertifikatskurs im Bereich klinische Perfusion\/Kardiotechnik mit EBCP-Zertifizierung<\/strong><\/p>\n\n\n\n<p>In Kooperation mit Life Systems und namhaften Kliniken hat die Fachhochschule M\u00fcnster 2021 den Hochschulzertifikatskurs Klinische Perfusion \/ Kardiotechnik ins Leben gerufen. Sie erwerben hier die EBCP-Zertifizierung mit der Sie als Perfusionst:In praktizieren d\u00fcrfen. W\u00e4hrend an einem unserer 14 Standorte die praktische T\u00e4tigkeit erlernen, \u00fcbernimmt die FH M\u00fcnster und deren Partnerkliniken die theoretische Ausbildung.<\/p>\n\n\n\n<p>Bei diesem Konzept lernen die Teilnehmer*innen von Fachkr\u00e4ften aus den Bereichen Perfusiologie, Medizin, Pharmakologie und Hygiene alle Lehrinhalte aus erster Hand.&nbsp;<\/p>\n\n\n\n<p>Ausbildungsbeginn ist j\u00e4hrlich im Wintersemester (Anfang Oktober).&nbsp;<\/p>\n\n\n\n<p>Erf\u00fclle ich die Voraussetzungen? Was muss ich noch tun, um die Voraussetzungen zu erf\u00fcllen? Wie sind die Verdienstm\u00f6glichkeiten? Wie bringe ich das mit meinem Alltag zusammen?&nbsp;<\/p>\n\n\n\n<p>Sprechen Sie uns gerne zu all diesen Fragen an. Wir beraten Sie und versuchen, L\u00f6sungen zu finden.<\/p>\n","protected":false},"excerpt":{"rendered":"<p>Sie haben eine abgeschlossene Ausbildung zum\/zur Notfallsanit\u00e4ter\/in, Krankenpfleger\/in oder einem vergleichbaren Berufsabschluss im medizinischen Bereich und Berufserfahrung in der Perfusiologie. \u00c4quivalenz vergleichbar mit DQR 6. Hochschulzertifikatskurs im Bereich klinische Perfusion\/Kardiotechnik &#8230;<\/p>\n","protected":false},"author":1,"featured_media":0,"parent":0,"menu_order":0,"comment_status":"closed","ping_status":"closed","template":"","meta":{"_acf_changed":false,"footnotes":""},"class_list":["post-526","page","type-page","status-publish","hentry"],"acf":[],"_links":{"self":[{"href":"https:\/\/www.sgp-digital.de\/ls-recruiting\/wp-json\/wp\/v2\/pages\/526","targetHints":{"allow":["GET"]}}],"collection":[{"href":"https:\/\/www.sgp-digital.de\/ls-recruiting\/wp-json\/wp\/v2\/pages"}],"about":[{"href":"https:\/\/www.sgp-digital.de\/ls-recruiting\/wp-json\/wp\/v2\/types\/page"}],"author":[{"embeddable":true,"href":"https:\/\/www.sgp-digital.de\/ls-recruiting\/wp-json\/wp\/v2\/users\/1"}],"replies":[{"embeddable":true,"href":"https:\/\/www.sgp-digital.de\/ls-recruiting\/wp-json\/wp\/v2\/comments?post=526"}],"version-history":[{"count":5,"href":"https:\/\/www.sgp-digital.de\/ls-recruiting\/wp-json\/wp\/v2\/pages\/526\/revisions"}],"predecessor-version":[{"id":549,"href":"https:\/\/www.sgp-digital.de\/ls-recruiting\/wp-json\/wp\/v2\/pages\/526\/revisions\/549"}],"wp:attachment":[{"href":"https:\/\/www.sgp-digital.de\/ls-recruiting\/wp-json\/wp\/v2\/media?parent=526"}],"curies":[{"name":"wp","href":"https:\/\/api.w.org\/{rel}","templated":true}]}}