{"id":479,"date":"2025-08-11T10:31:55","date_gmt":"2025-08-11T08:31:55","guid":{"rendered":"https:\/\/www.sgp-digital.de\/ls-recruiting\/?page_id=479"},"modified":"2025-10-31T19:48:36","modified_gmt":"2025-10-31T18:48:36","slug":"was-macht-eine-perfuionistin","status":"publish","type":"page","link":"https:\/\/www.sgp-digital.de\/ls-recruiting\/was-macht-eine-perfuionistin\/","title":{"rendered":"Was macht ein:e <b>Perfusionist:In<\/b>?"},"content":{"rendered":"\n<p>Perfusionist:innen sind spezialisierte Fachkr\u00e4fte in der Herzmedizin, die f\u00fcr den sicheren Betrieb und die \u00dcberwachung maschineller Perfusionsverfahren verantwortlich sind. Sie \u00fcbernehmen Aufgaben, die w\u00e4hrend einer Operation lebenswichtig sind \u2013 allen voran die Aufrechterhaltung von Herz- und Lungenfunktion, wenn diese zeitweise stillgelegt werden m\u00fcssen.<\/p>\n\n\n\n<hr class=\"wp-block-separator has-alpha-channel-opacity\"\/>\n\n\n\n<h5 class=\"wp-block-heading has-blue-color has-text-color has-link-color wp-elements-5e20a89baa1d5851bd289133fd932ca7\">Zentrale Verfahren<\/h5>\n\n\n\n<p>Zum Arbeitsbereich geh\u00f6ren verschiedene Methoden der sogenannten extrakorporalen Zirkulation:<\/p>\n\n\n\n<ul class=\"wp-block-list\">\n<li><strong>Herz-Lungen-Maschine (HLM)<\/strong><br>f\u00fcr Operationen am offenen Herzen<\/li>\n\n\n\n<li><strong>Extrakorporale Membranoxygenierung (ECMO)<\/strong><br>zur l\u00e4ngerfristigen Unterst\u00fctzung von Herz und Lunge auf der Intensivstation<\/li>\n\n\n\n<li><strong>Ex-vivo Organperfusion<\/strong>,<br>die Organe f\u00fcr Transplantationen au\u00dferhalb des K\u00f6rpers funktionsf\u00e4hig h\u00e4lt<\/li>\n<\/ul>\n\n\n\n<h5 class=\"wp-block-heading has-purple-color has-text-color has-link-color wp-elements-34ce5454f7255e2d32e4867d2d2d9a53\">Verantwortung im Operationssaal<\/h5>\n\n\n\n<p>W\u00e4hrend eines Eingriffs steuern Perfusionist:innen den Blutkreislauf und die Sauerstoffversorgung der Patient:innen. Sie halten die Hom\u00f6ostase stabil, \u00fcberwachen die Blutzusammensetzung und greifen gezielt durch medikament\u00f6se Ma\u00dfnahmen oder Filtrationstechniken ein. Ihr Handeln ist entscheidend f\u00fcr den Erfolg der Operation und das \u00dcberleben der Patient:innen.<\/p>\n\n\n\n<h5 class=\"wp-block-heading has-magenta-color has-text-color has-link-color wp-elements-68fe86d3494fff30c380012dd93d4287\">Ein Beruf mit Eigenverantwortung<\/h5>\n\n\n\n<p>Die T\u00e4tigkeit zeichnet sich durch ein hohes Ma\u00df an fachlicher Autonomie aus. Perfusionist:innen arbeiten eng mit Chirurg:innen, An\u00e4sthesist:innen und dem OP-Team zusammen \u2013 oft auch in interdisziplin\u00e4ren und interventionellen Verfahren. Sie tragen eine gro\u00dfe Verantwortung und sind gleichzeitig wichtige Bindeglieder im Behandlungsteam.<\/p>\n\n\n\n<h5 class=\"wp-block-heading has-red-color has-text-color has-link-color wp-elements-10ea4c5029c27af90b40add6c67781b1\">Perspektiven und Weiterentwicklung<\/h5>\n\n\n\n<p>Die Perfusiologie entwickelt sich kontinuierlich weiter. Neben der Herz- und Thoraxchirurgie er\u00f6ffnen sich neue Einsatzfelder, etwa in der Transplantationschirurgie oder bei hybriden Verfahren. Die zunehmende Akademisierung des Berufs, die enge Zusammenarbeit mit Forschungseinrichtungen und die technologische Entwicklung schaffen attraktive M\u00f6glichkeiten zur Spezialisierung \u2013 von der klinischen Praxis \u00fcber die Forschung bis hin zur Entwicklung neuer Medizinprodukte.<\/p>\n\n\n\n<hr class=\"wp-block-separator has-alpha-channel-opacity\"\/>\n\n\n\n<p><strong>Kurz gesagt:<\/strong> Ein:e Perfusionist:in arbeitet an der Schnittstelle von Hightech und Medizin \u2013 mit unmittelbarem Einfluss auf das Leben der Patient:innen und vielf\u00e4ltigen Perspektiven f\u00fcr die eigene berufliche Zukunft.<\/p>\n","protected":false},"excerpt":{"rendered":"<p>Sie sind ausgebildete:r Krankenpfleger*In \/ Notfallsanit\u00e4ter*In oder haben einen berufsqualifizierenden Hochschulabschluss (Bachelor, Master, Diplom) im Bereich Biomedizinische Technik, Medizintechnik?<\/p>\n","protected":false},"author":1,"featured_media":0,"parent":0,"menu_order":0,"comment_status":"closed","ping_status":"closed","template":"","meta":{"_acf_changed":false,"footnotes":""},"class_list":["post-479","page","type-page","status-publish","hentry"],"acf":[],"_links":{"self":[{"href":"https:\/\/www.sgp-digital.de\/ls-recruiting\/wp-json\/wp\/v2\/pages\/479","targetHints":{"allow":["GET"]}}],"collection":[{"href":"https:\/\/www.sgp-digital.de\/ls-recruiting\/wp-json\/wp\/v2\/pages"}],"about":[{"href":"https:\/\/www.sgp-digital.de\/ls-recruiting\/wp-json\/wp\/v2\/types\/page"}],"author":[{"embeddable":true,"href":"https:\/\/www.sgp-digital.de\/ls-recruiting\/wp-json\/wp\/v2\/users\/1"}],"replies":[{"embeddable":true,"href":"https:\/\/www.sgp-digital.de\/ls-recruiting\/wp-json\/wp\/v2\/comments?post=479"}],"version-history":[{"count":10,"href":"https:\/\/www.sgp-digital.de\/ls-recruiting\/wp-json\/wp\/v2\/pages\/479\/revisions"}],"predecessor-version":[{"id":570,"href":"https:\/\/www.sgp-digital.de\/ls-recruiting\/wp-json\/wp\/v2\/pages\/479\/revisions\/570"}],"wp:attachment":[{"href":"https:\/\/www.sgp-digital.de\/ls-recruiting\/wp-json\/wp\/v2\/media?parent=479"}],"curies":[{"name":"wp","href":"https:\/\/api.w.org\/{rel}","templated":true}]}}